{"id":89,"date":"2026-02-16T08:09:21","date_gmt":"2026-02-16T08:09:21","guid":{"rendered":"https:\/\/kockverkstad.fi\/?page_id=89"},"modified":"2026-03-10T08:41:35","modified_gmt":"2026-03-10T08:41:35","slug":"uutiset","status":"publish","type":"page","link":"https:\/\/kockverkstad.fi\/sv\/uutiset\/","title":{"rendered":"Nyheter"},"content":{"rendered":"<div data-elementor-type=\"wp-page\" data-elementor-id=\"89\" class=\"elementor elementor-89\" data-elementor-post-type=\"page\">\n\t\t\t\t<div class=\"elementor-element elementor-element-759b2c41 e-flex e-con-boxed e-con e-parent\" data-id=\"759b2c41\" data-element_type=\"container\" data-e-type=\"container\" data-settings=\"{&quot;background_background&quot;:&quot;classic&quot;}\">\n\t\t\t\t\t<div class=\"e-con-inner\">\n\t\t\t\t\t<\/div>\n\t\t\t\t<\/div>\n\t\t<div class=\"elementor-element elementor-element-17420fe e-flex e-con-boxed e-con e-parent\" data-id=\"17420fe\" data-element_type=\"container\" data-e-type=\"container\">\n\t\t\t\t\t<div class=\"e-con-inner\">\n\t\t\t\t<div class=\"elementor-element elementor-element-2ae8ab6 elementor-widget elementor-widget-heading\" data-id=\"2ae8ab6\" data-element_type=\"widget\" data-e-type=\"widget\" data-widget_type=\"heading.default\">\n\t\t\t\t\t<h2 class=\"elementor-heading-title elementor-size-default\">Aktuellt<\/h2>\t\t\t\t<\/div>\n\t\t\t\t<div class=\"elementor-element elementor-element-aec6d33 elementor-widget-divider--view-line elementor-widget elementor-widget-divider\" data-id=\"aec6d33\" data-element_type=\"widget\" data-e-type=\"widget\" data-widget_type=\"divider.default\">\n\t\t\t\t\t\t\t<div class=\"elementor-divider\">\n\t\t\t<span class=\"elementor-divider-separator\">\n\t\t\t\t\t\t<\/span>\n\t\t<\/div>\n\t\t\t\t\t\t<\/div>\n\t\t\t\t<div class=\"elementor-element elementor-element-eb9837a elementor-grid-4 elementor-posts__hover-none elementor-grid-tablet-2 elementor-grid-mobile-1 elementor-posts--thumbnail-top elementor-widget elementor-widget-posts\" data-id=\"eb9837a\" data-element_type=\"widget\" data-e-type=\"widget\" data-settings=\"{&quot;cards_columns&quot;:&quot;4&quot;,&quot;cards_row_gap&quot;:{&quot;unit&quot;:&quot;px&quot;,&quot;size&quot;:10,&quot;sizes&quot;:[]},&quot;cards_columns_tablet&quot;:&quot;2&quot;,&quot;cards_columns_mobile&quot;:&quot;1&quot;,&quot;cards_row_gap_tablet&quot;:{&quot;unit&quot;:&quot;px&quot;,&quot;size&quot;:&quot;&quot;,&quot;sizes&quot;:[]},&quot;cards_row_gap_mobile&quot;:{&quot;unit&quot;:&quot;px&quot;,&quot;size&quot;:&quot;&quot;,&quot;sizes&quot;:[]}}\" data-widget_type=\"posts.cards\">\n\t\t\t\t<div class=\"elementor-widget-container\">\n\t\t\t\t\t\t\t<div class=\"elementor-posts-container elementor-posts elementor-posts--skin-cards elementor-grid\" role=\"list\">\n\t\t\t\t<article class=\"elementor-post elementor-grid-item post-1634 post type-post status-publish format-standard has-post-thumbnail hentry category-uncategorized\" role=\"listitem\">\n\t\t\t<div class=\"elementor-post__card\">\n\t\t\t\t<a class=\"elementor-post__thumbnail__link\" href=\"https:\/\/kockverkstad.fi\/sv\/konepustomme\/\" tabindex=\"-1\" ><div class=\"elementor-post__thumbnail\"><img fetchpriority=\"high\" decoding=\"async\" width=\"1280\" height=\"720\" src=\"https:\/\/kockverkstad.fi\/wp-content\/uploads\/2026\/02\/maxresdefault.jpeg\" class=\"attachment-full size-full wp-image-13\" alt=\"\" srcset=\"https:\/\/kockverkstad.fi\/wp-content\/uploads\/2026\/02\/maxresdefault.jpeg 1280w, https:\/\/kockverkstad.fi\/wp-content\/uploads\/2026\/02\/maxresdefault-300x169.jpeg 300w, https:\/\/kockverkstad.fi\/wp-content\/uploads\/2026\/02\/maxresdefault-1024x576.jpeg 1024w, https:\/\/kockverkstad.fi\/wp-content\/uploads\/2026\/02\/maxresdefault-768x432.jpeg 768w, https:\/\/kockverkstad.fi\/wp-content\/uploads\/2026\/02\/maxresdefault-600x338.jpeg 600w, https:\/\/kockverkstad.fi\/wp-content\/uploads\/2026\/02\/maxresdefault-64x36.jpeg 64w\" sizes=\"(max-width: 1280px) 100vw, 1280px\" \/><\/div><\/a>\n\t\t\t\t<div class=\"elementor-post__text\">\n\t\t\t\t<h3 class=\"elementor-post__title\">\n\t\t\t<a href=\"https:\/\/kockverkstad.fi\/sv\/konepustomme\/\" >\n\t\t\t\tV\u00e5r maskinpark\t\t\t<\/a>\n\t\t<\/h3>\n\t\t\t\t<div class=\"elementor-post__excerpt\">\n\t\t\t<p>F\u00f6lj med Emil och Felix till Kock Verkstad i Forsby, Peders\u00f6re. Ni f\u00e5r bekanta er med verkstaden och se vilka m\u00e5ngsidiga tj\u00e4nster det \u00f6sterbottniska familjef\u00f6retaget kan erbjuda metallindustrin. Beh\u00f6ver du helhetsl\u00f6sningar inom metallbearbetning eller enskilda tj\u00e4nster? Kontakta oss \u2013 br\u00f6derna Kock arbetar tillsammans med ett professionellt team som g\u00f6r sitt yttersta i varje uppdrag! Kock Verkstad \u2013 vi kan metaller.<\/p>\n\t\t<\/div>\n\t\t\t\t<\/div>\n\t\t\t\t\t<\/div>\n\t\t<\/article>\n\t\t\t\t<article class=\"elementor-post elementor-grid-item post-633 post type-post status-publish format-standard has-post-thumbnail hentry category-uncategorized\" role=\"listitem\">\n\t\t\t<div class=\"elementor-post__card\">\n\t\t\t\t<a class=\"elementor-post__thumbnail__link\" href=\"https:\/\/kockverkstad.fi\/sv\/vi-rekryterar\/\" tabindex=\"-1\" ><div class=\"elementor-post__thumbnail\"><img decoding=\"async\" width=\"1500\" height=\"1000\" src=\"https:\/\/kockverkstad.fi\/wp-content\/uploads\/2026\/02\/Kockverkstad2026-web-40.jpg\" class=\"attachment-full size-full wp-image-1266\" alt=\"\" srcset=\"https:\/\/kockverkstad.fi\/wp-content\/uploads\/2026\/02\/Kockverkstad2026-web-40.jpg 1500w, https:\/\/kockverkstad.fi\/wp-content\/uploads\/2026\/02\/Kockverkstad2026-web-40-300x200.jpg 300w, https:\/\/kockverkstad.fi\/wp-content\/uploads\/2026\/02\/Kockverkstad2026-web-40-1024x683.jpg 1024w, https:\/\/kockverkstad.fi\/wp-content\/uploads\/2026\/02\/Kockverkstad2026-web-40-768x512.jpg 768w, https:\/\/kockverkstad.fi\/wp-content\/uploads\/2026\/02\/Kockverkstad2026-web-40-18x12.jpg 18w\" sizes=\"(max-width: 1500px) 100vw, 1500px\" \/><\/div><\/a>\n\t\t\t\t<div class=\"elementor-post__text\">\n\t\t\t\t<h3 class=\"elementor-post__title\">\n\t\t\t<a href=\"https:\/\/kockverkstad.fi\/sv\/vi-rekryterar\/\" >\n\t\t\t\tVi rekryterar!\t\t\t<\/a>\n\t\t<\/h3>\n\t\t\t\t<div class=\"elementor-post__excerpt\">\n\t\t\t<p>Nu har du chansen att bli en del av v\u00e5rt team \u2013 vi anst\u00e4ller n\u00e4mligen en CNC-fr\u00e4soperat\u00f6r! Om du \u00e4r noggrann, f\u00f6retagsam och trivs med att arbeta i en svenskspr\u00e5kig milj\u00f6 i Forsby, \u00e4r det dig vi s\u00f6ker! Vi f\u00f6rv\u00e4ntar oss att<\/p>\n\t\t<\/div>\n\t\t\t\t<\/div>\n\t\t\t\t\t<\/div>\n\t\t<\/article>\n\t\t\t\t<article class=\"elementor-post elementor-grid-item post-1 post type-post status-publish format-standard has-post-thumbnail hentry category-uncategorized\" role=\"listitem\">\n\t\t\t<div class=\"elementor-post__card\">\n\t\t\t\t<a class=\"elementor-post__thumbnail__link\" href=\"https:\/\/kockverkstad.fi\/sv\/hello-world\/\" tabindex=\"-1\" ><div class=\"elementor-post__thumbnail\"><img decoding=\"async\" width=\"1000\" height=\"667\" src=\"https:\/\/kockverkstad.fi\/wp-content\/uploads\/2026\/02\/kock-verkstad-laserskarning.jpeg\" class=\"attachment-full size-full wp-image-20\" alt=\"\" srcset=\"https:\/\/kockverkstad.fi\/wp-content\/uploads\/2026\/02\/kock-verkstad-laserskarning.jpeg 1000w, https:\/\/kockverkstad.fi\/wp-content\/uploads\/2026\/02\/kock-verkstad-laserskarning-300x200.jpeg 300w, https:\/\/kockverkstad.fi\/wp-content\/uploads\/2026\/02\/kock-verkstad-laserskarning-768x512.jpeg 768w, https:\/\/kockverkstad.fi\/wp-content\/uploads\/2026\/02\/kock-verkstad-laserskarning-600x400.jpeg 600w, https:\/\/kockverkstad.fi\/wp-content\/uploads\/2026\/02\/kock-verkstad-laserskarning-64x43.jpeg 64w\" sizes=\"(max-width: 1000px) 100vw, 1000px\" \/><\/div><\/a>\n\t\t\t\t<div class=\"elementor-post__text\">\n\t\t\t\t<h3 class=\"elementor-post__title\">\n\t\t\t<a href=\"https:\/\/kockverkstad.fi\/sv\/hello-world\/\" >\n\t\t\t\tNy investering!\t\t\t<\/a>\n\t\t<\/h3>\n\t\t\t\t<div class=\"elementor-post__excerpt\">\n\t\t\t<p>Lasersk\u00e4rning f\u00f6renklar arbetsfl\u00f6det och erbjuder m\u00e5nga m\u00f6jligheter. Kock Verkstad \u00e4r k\u00e4nt f\u00f6r sitt m\u00e5ngsidiga kunnande och sin omfattande maskinpark. Nu har f\u00f6retaget investerat och ut\u00f6kat sin maskinpark ytterligare. Kock Verkstad<\/p>\n\t\t<\/div>\n\t\t\t\t<\/div>\n\t\t\t\t\t<\/div>\n\t\t<\/article>\n\t\t\t\t<\/div>\n\t\t\n\t\t\t\t\t\t<\/div>\n\t\t\t\t<\/div>\n\t\t\t\t\t<\/div>\n\t\t\t\t<\/div>\n\t\t\t\t<\/div>","protected":false},"excerpt":{"rendered":"<p>Aktuellt<\/p>","protected":false},"author":1,"featured_media":0,"parent":0,"menu_order":0,"comment_status":"closed","ping_status":"closed","template":"","meta":{"site-sidebar-layout":"no-sidebar","site-content-layout":"","ast-site-content-layout":"full-width-container","site-content-style":"default","site-sidebar-style":"default","ast-global-header-display":"","ast-banner-title-visibility":"","ast-main-header-display":"","ast-hfb-above-header-display":"","ast-hfb-below-header-display":"","ast-hfb-mobile-header-display":"","site-post-title":"disabled","ast-breadcrumbs-content":"","ast-featured-img":"disabled","footer-sml-layout":"","ast-disable-related-posts":"","theme-transparent-header-meta":"","adv-header-id-meta":"","stick-header-meta":"","header-above-stick-meta":"","header-main-stick-meta":"","header-below-stick-meta":"","astra-migrate-meta-layouts":"default","ast-page-background-enabled":"default","ast-page-background-meta":{"desktop":{"background-color":"var(--ast-global-color-5)","background-image":"","background-repeat":"repeat","background-position":"center center","background-size":"auto","background-attachment":"scroll","background-type":"","background-media":"","overlay-type":"","overlay-color":"","overlay-opacity":"","overlay-gradient":""},"tablet":{"background-color":"","background-image":"","background-repeat":"repeat","background-position":"center center","background-size":"auto","background-attachment":"scroll","background-type":"","background-media":"","overlay-type":"","overlay-color":"","overlay-opacity":"","overlay-gradient":""},"mobile":{"background-color":"","background-image":"","background-repeat":"repeat","background-position":"center center","background-size":"auto","background-attachment":"scroll","background-type":"","background-media":"","overlay-type":"","overlay-color":"","overlay-opacity":"","overlay-gradient":""}},"ast-content-background-meta":{"desktop":{"background-color":"var(--ast-global-color-4)","background-image":"","background-repeat":"repeat","background-position":"center center","background-size":"auto","background-attachment":"scroll","background-type":"","background-media":"","overlay-type":"","overlay-color":"","overlay-opacity":"","overlay-gradient":""},"tablet":{"background-color":"var(--ast-global-color-4)","background-image":"","background-repeat":"repeat","background-position":"center center","background-size":"auto","background-attachment":"scroll","background-type":"","background-media":"","overlay-type":"","overlay-color":"","overlay-opacity":"","overlay-gradient":""},"mobile":{"background-color":"var(--ast-global-color-4)","background-image":"","background-repeat":"repeat","background-position":"center center","background-size":"auto","background-attachment":"scroll","background-type":"","background-media":"","overlay-type":"","overlay-color":"","overlay-opacity":"","overlay-gradient":""}},"footnotes":""},"class_list":["post-89","page","type-page","status-publish","hentry"],"_links":{"self":[{"href":"https:\/\/kockverkstad.fi\/sv\/wp-json\/wp\/v2\/pages\/89","targetHints":{"allow":["GET"]}}],"collection":[{"href":"https:\/\/kockverkstad.fi\/sv\/wp-json\/wp\/v2\/pages"}],"about":[{"href":"https:\/\/kockverkstad.fi\/sv\/wp-json\/wp\/v2\/types\/page"}],"author":[{"embeddable":true,"href":"https:\/\/kockverkstad.fi\/sv\/wp-json\/wp\/v2\/users\/1"}],"replies":[{"embeddable":true,"href":"https:\/\/kockverkstad.fi\/sv\/wp-json\/wp\/v2\/comments?post=89"}],"version-history":[{"count":14,"href":"https:\/\/kockverkstad.fi\/sv\/wp-json\/wp\/v2\/pages\/89\/revisions"}],"predecessor-version":[{"id":1526,"href":"https:\/\/kockverkstad.fi\/sv\/wp-json\/wp\/v2\/pages\/89\/revisions\/1526"}],"wp:attachment":[{"href":"https:\/\/kockverkstad.fi\/sv\/wp-json\/wp\/v2\/media?parent=89"}],"curies":[{"name":"wp","href":"https:\/\/api.w.org\/{rel}","templated":true}]}}