{"id":64,"date":"2026-02-16T08:09:00","date_gmt":"2026-02-16T08:09:00","guid":{"rendered":"https:\/\/kockverkstad.fi\/?page_id=64"},"modified":"2026-04-23T07:47:18","modified_gmt":"2026-04-23T07:47:18","slug":"meista","status":"publish","type":"page","link":"https:\/\/kockverkstad.fi\/sv\/meista\/","title":{"rendered":"Om Oss"},"content":{"rendered":"<div data-elementor-type=\"wp-page\" data-elementor-id=\"64\" class=\"elementor elementor-64\" data-elementor-post-type=\"page\">\n\t\t\t\t<div class=\"elementor-element elementor-element-4166f050 e-flex e-con-boxed e-con e-parent\" data-id=\"4166f050\" data-element_type=\"container\" data-e-type=\"container\" data-settings=\"{&quot;background_background&quot;:&quot;classic&quot;}\">\n\t\t\t\t\t<div class=\"e-con-inner\">\n\t\t\t\t\t<\/div>\n\t\t\t\t<\/div>\n\t\t<div class=\"elementor-element elementor-element-1fe743e2 e-flex e-con-boxed e-con e-parent\" data-id=\"1fe743e2\" data-element_type=\"container\" data-e-type=\"container\" data-settings=\"{&quot;background_background&quot;:&quot;classic&quot;}\">\n\t\t\t\t\t<div class=\"e-con-inner\">\n\t\t<div class=\"elementor-element elementor-element-7bbac0e9 e-con-full e-flex e-con e-child\" data-id=\"7bbac0e9\" data-element_type=\"container\" data-e-type=\"container\" data-settings=\"{&quot;background_background&quot;:&quot;classic&quot;}\">\n\t\t\t\t<div class=\"elementor-element elementor-element-4cf2e5cc elementor-widget elementor-widget-heading\" data-id=\"4cf2e5cc\" data-element_type=\"widget\" data-e-type=\"widget\" data-widget_type=\"heading.default\">\n\t\t\t\t\t<h2 class=\"elementor-heading-title elementor-size-default\">Allt under ett tak\n<\/h2>\t\t\t\t<\/div>\n\t\t\t\t<div class=\"elementor-element elementor-element-f2dd841 elementor-widget elementor-widget-text-editor\" data-id=\"f2dd841\" data-element_type=\"widget\" data-e-type=\"widget\" data-widget_type=\"text-editor.default\">\n\t\t\t\t\t\t\t\t\t<p><strong>Kock Verkstad Ab Oy<\/strong>\u00a0\u00e4r i dag en viktig samarbetspartner f\u00f6r flera storf\u00f6retag i \u00d6sterbotten, Finland. \u00c5r 1997 b\u00f6rjade vi sm\u00e5skaligt som underleverant\u00f6r \u00e5t f\u00f6retagare i regionen. Tack vare n\u00f6jda kunder och \u00f6kad efterfr\u00e5gan, och v\u00e5r egen passion f\u00f6r arbetet har verksamheten utvidgats inom metallbearbetning med \u00e5ren. Detta har ocks\u00e5 betytt att vi byggt ut hela sju g\u00e5nger sen starten.<\/p>\t\t\t\t\t\t\t\t<\/div>\n\t\t\t\t<div class=\"elementor-element elementor-element-7459bc5d elementor-align-left elementor-widget elementor-widget-button\" data-id=\"7459bc5d\" data-element_type=\"widget\" data-e-type=\"widget\" data-widget_type=\"button.default\">\n\t\t\t\t\t\t\t\t\t\t<a class=\"elementor-button elementor-button-link elementor-size-sm\" href=\"https:\/\/kockverkstad.fi\/yhteystiedot\/\">\n\t\t\t\t\t\t<span class=\"elementor-button-content-wrapper\">\n\t\t\t\t\t\t\t\t\t<span class=\"elementor-button-text\">Kontakta oss<\/span>\n\t\t\t\t\t<\/span>\n\t\t\t\t\t<\/a>\n\t\t\t\t\t\t\t\t<\/div>\n\t\t\t\t<\/div>\n\t\t<div class=\"elementor-element elementor-element-12c0e254 e-con-full e-flex e-con e-child\" data-id=\"12c0e254\" data-element_type=\"container\" data-e-type=\"container\" data-settings=\"{&quot;background_background&quot;:&quot;classic&quot;}\">\n\t\t\t\t<div class=\"elementor-element elementor-element-6bc9c99f elementor-widget elementor-widget-image\" data-id=\"6bc9c99f\" data-element_type=\"widget\" data-e-type=\"widget\" data-widget_type=\"image.default\">\n\t\t\t\t\t\t\t\t\t\t\t\t\t\t\t<img fetchpriority=\"high\" decoding=\"async\" width=\"1500\" height=\"1000\" src=\"https:\/\/kockverkstad.fi\/wp-content\/uploads\/2026\/02\/Kockverkstad2026-web-107.jpg\" class=\"attachment-full size-full wp-image-1333\" alt=\"\" srcset=\"https:\/\/kockverkstad.fi\/wp-content\/uploads\/2026\/02\/Kockverkstad2026-web-107.jpg 1500w, https:\/\/kockverkstad.fi\/wp-content\/uploads\/2026\/02\/Kockverkstad2026-web-107-300x200.jpg 300w, https:\/\/kockverkstad.fi\/wp-content\/uploads\/2026\/02\/Kockverkstad2026-web-107-1024x683.jpg 1024w, https:\/\/kockverkstad.fi\/wp-content\/uploads\/2026\/02\/Kockverkstad2026-web-107-768x512.jpg 768w, https:\/\/kockverkstad.fi\/wp-content\/uploads\/2026\/02\/Kockverkstad2026-web-107-18x12.jpg 18w\" sizes=\"(max-width: 1500px) 100vw, 1500px\" \/>\t\t\t\t\t\t\t\t\t\t\t\t\t\t\t<\/div>\n\t\t\t\t<\/div>\n\t\t\t\t\t<\/div>\n\t\t\t\t<\/div>\n\t\t<div class=\"elementor-element elementor-element-21010e55 e-flex e-con-boxed e-con e-parent\" data-id=\"21010e55\" data-element_type=\"container\" data-e-type=\"container\" id=\"cert\">\n\t\t\t\t\t<div class=\"e-con-inner\">\n\t\t<div class=\"elementor-element elementor-element-492fd3dc e-con-full e-flex e-con e-child\" data-id=\"492fd3dc\" data-element_type=\"container\" data-e-type=\"container\" data-settings=\"{&quot;background_background&quot;:&quot;classic&quot;}\">\n\t\t\t\t<div class=\"elementor-element elementor-element-c8286df elementor-widget elementor-widget-heading\" data-id=\"c8286df\" data-element_type=\"widget\" data-e-type=\"widget\" data-widget_type=\"heading.default\">\n\t\t\t\t\t<h2 class=\"elementor-heading-title elementor-size-default\">M\u00e5ngsidiga tj\u00e4nster<\/h2>\t\t\t\t<\/div>\n\t\t\t\t<div class=\"elementor-element elementor-element-3a8178d5 elementor-widget-divider--view-line elementor-widget elementor-widget-divider\" data-id=\"3a8178d5\" data-element_type=\"widget\" data-e-type=\"widget\" data-widget_type=\"divider.default\">\n\t\t\t\t\t\t\t<div class=\"elementor-divider\">\n\t\t\t<span class=\"elementor-divider-separator\">\n\t\t\t\t\t\t<\/span>\n\t\t<\/div>\n\t\t\t\t\t\t<\/div>\n\t\t\t\t<div class=\"elementor-element elementor-element-2d7e4e36 elementor-widget elementor-widget-text-editor\" data-id=\"2d7e4e36\" data-element_type=\"widget\" data-e-type=\"widget\" data-widget_type=\"text-editor.default\">\n\t\t\t\t\t\t\t\t\t<div class=\"wpb_column vc_column_container vc_col-sm-4\"><div class=\"vc_column-inner\"><div class=\"wpb_wrapper\"><div class=\"wpb_content_element wm-heading -hAlignLeft\"><div class=\"wm-heading__inner\"><p>I dag erbjuder vi m\u00e5ngsidiga tj\u00e4nster inom fr\u00e4mst verkstads- mekanisk tillverkning. Vi fokuserar p\u00e5 allt fr\u00e5n komplicerade helhetsl\u00f6sningar till enskilda tj\u00e4nster. Styrkan i v\u00e5rt f\u00f6retag \u00e4r att vi har allt under samma tak och kan f\u00f6rsnabba processerna och s\u00e4kerst\u00e4lla kvaliteten.<\/p><\/div><\/div><\/div><\/div><\/div>\t\t\t\t\t\t\t\t<\/div>\n\t\t\t\t<\/div>\n\t\t<div class=\"elementor-element elementor-element-630aa2b9 e-con-full e-flex e-con e-child\" data-id=\"630aa2b9\" data-element_type=\"container\" data-e-type=\"container\" data-settings=\"{&quot;background_background&quot;:&quot;classic&quot;}\">\n\t\t\t\t<div class=\"elementor-element elementor-element-73f0236b elementor-widget elementor-widget-heading\" data-id=\"73f0236b\" data-element_type=\"widget\" data-e-type=\"widget\" data-widget_type=\"heading.default\">\n\t\t\t\t\t<h2 class=\"elementor-heading-title elementor-size-default\">H\u00f6g kvalitet\n<\/h2>\t\t\t\t<\/div>\n\t\t\t\t<div class=\"elementor-element elementor-element-304c3c9d elementor-widget-divider--view-line elementor-widget elementor-widget-divider\" data-id=\"304c3c9d\" data-element_type=\"widget\" data-e-type=\"widget\" data-widget_type=\"divider.default\">\n\t\t\t\t\t\t\t<div class=\"elementor-divider\">\n\t\t\t<span class=\"elementor-divider-separator\">\n\t\t\t\t\t\t<\/span>\n\t\t<\/div>\n\t\t\t\t\t\t<\/div>\n\t\t\t\t<div class=\"elementor-element elementor-element-8a815f2 elementor-widget elementor-widget-text-editor\" data-id=\"8a815f2\" data-element_type=\"widget\" data-e-type=\"widget\" data-widget_type=\"text-editor.default\">\n\t\t\t\t\t\t\t\t\t<p>Vi har dessutom b\u00e5de de verktyg och den kunskap som kr\u00e4vs f\u00f6r att enkelt kunna g\u00f6ra produkter av dina CAD-underlag eller ritningar. Vi kan snabbt och s\u00e4kert leverera avancerade mekaniska detaljer enligt dina behov, d\u00e4r du \u00e4r.<\/p><p>Du kan f\u00f6rv\u00e4nta dig h\u00f6g kvalitet, perfekt finish samt precision oavsett om det handlar om n\u00e5gra enstaka detaljer eller om l\u00e5nga serier.<\/p>\t\t\t\t\t\t\t\t<\/div>\n\t\t<div class=\"elementor-element elementor-element-b75454e e-con-full e-flex e-con e-child\" data-id=\"b75454e\" data-element_type=\"container\" data-e-type=\"container\">\n\t\t\t\t<div class=\"elementor-element elementor-element-bec86d3 elementor-widget elementor-widget-button\" data-id=\"bec86d3\" data-element_type=\"widget\" data-e-type=\"widget\" data-widget_type=\"button.default\">\n\t\t\t\t\t\t\t\t\t\t<a class=\"elementor-button elementor-button-link elementor-size-sm\" href=\"https:\/\/kockverkstad.fi\/wp-content\/uploads\/2026\/03\/Kock-Verkstad-Oy-Ab-ISO-9001-ENG-2025.pdf\" target=\"_blank\">\n\t\t\t\t\t\t<span class=\"elementor-button-content-wrapper\">\n\t\t\t\t\t\t\t\t\t<span class=\"elementor-button-text\">ISO 9001<\/span>\n\t\t\t\t\t<\/span>\n\t\t\t\t\t<\/a>\n\t\t\t\t\t\t\t\t<\/div>\n\t\t\t\t<div class=\"elementor-element elementor-element-c3ef6d1 elementor-widget elementor-widget-button\" data-id=\"c3ef6d1\" data-element_type=\"widget\" data-e-type=\"widget\" data-widget_type=\"button.default\">\n\t\t\t\t\t\t\t\t\t\t<a class=\"elementor-button elementor-button-link elementor-size-sm\" href=\"https:\/\/kockverkstad.fi\/wp-content\/uploads\/2026\/03\/Kock-Verkstad-Oy-Ab-ISO-14001-ENG-2025.pdf\" target=\"_blank\">\n\t\t\t\t\t\t<span class=\"elementor-button-content-wrapper\">\n\t\t\t\t\t\t\t\t\t<span class=\"elementor-button-text\">ISO 14001<\/span>\n\t\t\t\t\t<\/span>\n\t\t\t\t\t<\/a>\n\t\t\t\t\t\t\t\t<\/div>\n\t\t\t\t<div class=\"elementor-element elementor-element-e96ba92 elementor-widget elementor-widget-button\" data-id=\"e96ba92\" data-element_type=\"widget\" data-e-type=\"widget\" data-widget_type=\"button.default\">\n\t\t\t\t\t\t\t\t\t\t<a class=\"elementor-button elementor-button-link elementor-size-sm\" href=\"https:\/\/kockverkstad.fi\/wp-content\/uploads\/2026\/03\/Kock-Verkstad-Oy-Ab-ISO-45001-ENG-2025.pdf\" target=\"_blank\">\n\t\t\t\t\t\t<span class=\"elementor-button-content-wrapper\">\n\t\t\t\t\t\t\t\t\t<span class=\"elementor-button-text\">ISO 45001<\/span>\n\t\t\t\t\t<\/span>\n\t\t\t\t\t<\/a>\n\t\t\t\t\t\t\t\t<\/div>\n\t\t\t\t<\/div>\n\t\t\t\t<\/div>\n\t\t\t\t\t<\/div>\n\t\t\t\t<\/div>\n\t\t\t\t<\/div>","protected":false},"excerpt":{"rendered":"<p>Kaikki saman katon alla Kock Verkstad Ab Oy\u00a0on nyky\u00e4\u00e4n monen suuryrityksen yhteisty\u00f6kumppani Pohjanmaalla, Suomessa. Vuonna 1997 aloitimme pieness\u00e4 mittakaavassa alueen [&hellip;]<\/p>\n","protected":false},"author":1,"featured_media":0,"parent":0,"menu_order":0,"comment_status":"closed","ping_status":"closed","template":"","meta":{"site-sidebar-layout":"no-sidebar","site-content-layout":"","ast-site-content-layout":"full-width-container","site-content-style":"default","site-sidebar-style":"default","ast-global-header-display":"","ast-banner-title-visibility":"","ast-main-header-display":"","ast-hfb-above-header-display":"","ast-hfb-below-header-display":"","ast-hfb-mobile-header-display":"","site-post-title":"disabled","ast-breadcrumbs-content":"","ast-featured-img":"disabled","footer-sml-layout":"","ast-disable-related-posts":"","theme-transparent-header-meta":"","adv-header-id-meta":"","stick-header-meta":"","header-above-stick-meta":"","header-main-stick-meta":"","header-below-stick-meta":"","astra-migrate-meta-layouts":"default","ast-page-background-enabled":"default","ast-page-background-meta":{"desktop":{"background-color":"var(--ast-global-color-5)","background-image":"","background-repeat":"repeat","background-position":"center center","background-size":"auto","background-attachment":"scroll","background-type":"","background-media":"","overlay-type":"","overlay-color":"","overlay-opacity":"","overlay-gradient":""},"tablet":{"background-color":"","background-image":"","background-repeat":"repeat","background-position":"center center","background-size":"auto","background-attachment":"scroll","background-type":"","background-media":"","overlay-type":"","overlay-color":"","overlay-opacity":"","overlay-gradient":""},"mobile":{"background-color":"","background-image":"","background-repeat":"repeat","background-position":"center center","background-size":"auto","background-attachment":"scroll","background-type":"","background-media":"","overlay-type":"","overlay-color":"","overlay-opacity":"","overlay-gradient":""}},"ast-content-background-meta":{"desktop":{"background-color":"var(--ast-global-color-4)","background-image":"","background-repeat":"repeat","background-position":"center center","background-size":"auto","background-attachment":"scroll","background-type":"","background-media":"","overlay-type":"","overlay-color":"","overlay-opacity":"","overlay-gradient":""},"tablet":{"background-color":"var(--ast-global-color-4)","background-image":"","background-repeat":"repeat","background-position":"center center","background-size":"auto","background-attachment":"scroll","background-type":"","background-media":"","overlay-type":"","overlay-color":"","overlay-opacity":"","overlay-gradient":""},"mobile":{"background-color":"var(--ast-global-color-4)","background-image":"","background-repeat":"repeat","background-position":"center center","background-size":"auto","background-attachment":"scroll","background-type":"","background-media":"","overlay-type":"","overlay-color":"","overlay-opacity":"","overlay-gradient":""}},"footnotes":""},"class_list":["post-64","page","type-page","status-publish","hentry"],"_links":{"self":[{"href":"https:\/\/kockverkstad.fi\/sv\/wp-json\/wp\/v2\/pages\/64","targetHints":{"allow":["GET"]}}],"collection":[{"href":"https:\/\/kockverkstad.fi\/sv\/wp-json\/wp\/v2\/pages"}],"about":[{"href":"https:\/\/kockverkstad.fi\/sv\/wp-json\/wp\/v2\/types\/page"}],"author":[{"embeddable":true,"href":"https:\/\/kockverkstad.fi\/sv\/wp-json\/wp\/v2\/users\/1"}],"replies":[{"embeddable":true,"href":"https:\/\/kockverkstad.fi\/sv\/wp-json\/wp\/v2\/comments?post=64"}],"version-history":[{"count":56,"href":"https:\/\/kockverkstad.fi\/sv\/wp-json\/wp\/v2\/pages\/64\/revisions"}],"predecessor-version":[{"id":1686,"href":"https:\/\/kockverkstad.fi\/sv\/wp-json\/wp\/v2\/pages\/64\/revisions\/1686"}],"wp:attachment":[{"href":"https:\/\/kockverkstad.fi\/sv\/wp-json\/wp\/v2\/media?parent=64"}],"curies":[{"name":"wp","href":"https:\/\/api.w.org\/{rel}","templated":true}]}}