{"id":63,"date":"2026-02-16T08:09:00","date_gmt":"2026-02-16T08:09:00","guid":{"rendered":"https:\/\/kockverkstad.fi\/?page_id=63"},"modified":"2026-04-23T07:45:26","modified_gmt":"2026-04-23T07:45:26","slug":"asennus","status":"publish","type":"page","link":"https:\/\/kockverkstad.fi\/sv\/asennus\/","title":{"rendered":"Montering"},"content":{"rendered":"\t\t<div data-elementor-type=\"wp-page\" data-elementor-id=\"63\" class=\"elementor elementor-63\" data-elementor-post-type=\"page\">\n\t\t\t\t<div class=\"elementor-element elementor-element-573e6588 e-flex e-con-boxed e-con e-parent\" data-id=\"573e6588\" data-element_type=\"container\" data-e-type=\"container\" data-settings=\"{&quot;background_background&quot;:&quot;classic&quot;}\">\n\t\t\t\t\t<div class=\"e-con-inner\">\n\t\t\t\t\t<\/div>\n\t\t\t\t<\/div>\n\t\t<div class=\"elementor-element elementor-element-7786f563 elementor-hidden-mobile e-flex e-con-boxed e-con e-parent\" data-id=\"7786f563\" data-element_type=\"container\" data-e-type=\"container\" data-settings=\"{&quot;background_background&quot;:&quot;classic&quot;,&quot;sticky&quot;:&quot;top&quot;,&quot;sticky_offset&quot;:70,&quot;sticky_offset_tablet&quot;:60,&quot;sticky_on&quot;:[&quot;desktop&quot;,&quot;tablet&quot;,&quot;mobile&quot;],&quot;sticky_effects_offset&quot;:0,&quot;sticky_anchor_link_offset&quot;:0}\">\n\t\t\t\t\t<div class=\"e-con-inner\">\n\t\t\t\t<div class=\"elementor-element elementor-element-17ba8f20 elementor-nav-menu__align-justify elementor-nav-menu--dropdown-none elementor-widget elementor-widget-global elementor-global-366 elementor-widget-nav-menu\" data-id=\"17ba8f20\" data-element_type=\"widget\" data-e-type=\"widget\" data-settings=\"{&quot;layout&quot;:&quot;horizontal&quot;,&quot;submenu_icon&quot;:{&quot;value&quot;:&quot;fas fa-caret-down&quot;,&quot;library&quot;:&quot;fa-solid&quot;}}\" data-widget_type=\"nav-menu.default\">\n\t\t\t\t\t\t\t\t<nav aria-label=\"Menu\" class=\"elementor-nav-menu--main elementor-nav-menu__container elementor-nav-menu--layout-horizontal e--pointer-none\">\n\t\t\t\t<ul id=\"menu-1-17ba8f20\" class=\"elementor-nav-menu\"><li class=\"menu-item menu-item-type-post_type menu-item-object-page menu-item-330\"><a href=\"https:\/\/kockverkstad.fi\/sv\/cnc-koneistus\/\" class=\"elementor-item menu-link\">CNC-koneistus<\/a><\/li>\n<li class=\"menu-item menu-item-type-post_type menu-item-object-page menu-item-332\"><a href=\"https:\/\/kockverkstad.fi\/sv\/cnc-sorvaus\/\" class=\"elementor-item menu-link\">CNC-sorvaus<\/a><\/li>\n<li class=\"menu-item menu-item-type-post_type menu-item-object-page menu-item-331\"><a href=\"https:\/\/kockverkstad.fi\/sv\/cnc-jyrsinta\/\" class=\"elementor-item menu-link\">CNC-jyrsint\u00e4<\/a><\/li>\n<li class=\"menu-item menu-item-type-post_type menu-item-object-page menu-item-333\"><a href=\"https:\/\/kockverkstad.fi\/sv\/laserleikkaus\/\" class=\"elementor-item menu-link\">Laserleikkaus<\/a><\/li>\n<li class=\"menu-item menu-item-type-post_type menu-item-object-page menu-item-329\"><a href=\"https:\/\/kockverkstad.fi\/sv\/sarmays\/\" class=\"elementor-item menu-link\">S\u00e4rm\u00e4ys<\/a><\/li>\n<li class=\"menu-item menu-item-type-post_type menu-item-object-page menu-item-335\"><a href=\"https:\/\/kockverkstad.fi\/sv\/hitsaus\/\" class=\"elementor-item menu-link\">Hitsaus<\/a><\/li>\n<li class=\"menu-item menu-item-type-post_type menu-item-object-page menu-item-328\"><a href=\"https:\/\/kockverkstad.fi\/sv\/hiekkapuhallus\/\" class=\"elementor-item menu-link\">Hiekkapuhallus<\/a><\/li>\n<li class=\"menu-item menu-item-type-post_type menu-item-object-page menu-item-336\"><a href=\"https:\/\/kockverkstad.fi\/sv\/pintakasittely\/\" class=\"elementor-item menu-link\">Pintak\u00e4sittely<\/a><\/li>\n<li class=\"menu-item menu-item-type-post_type menu-item-object-page menu-item-334\"><a href=\"https:\/\/kockverkstad.fi\/sv\/asennus\/\" class=\"elementor-item menu-link\">Asennus<\/a><\/li>\n<\/ul>\t\t\t<\/nav>\n\t\t\t\t\t\t<nav class=\"elementor-nav-menu--dropdown elementor-nav-menu__container\" aria-hidden=\"true\">\n\t\t\t\t<ul id=\"menu-2-17ba8f20\" class=\"elementor-nav-menu\"><li class=\"menu-item menu-item-type-post_type menu-item-object-page menu-item-330\"><a href=\"https:\/\/kockverkstad.fi\/sv\/cnc-koneistus\/\" class=\"elementor-item menu-link\" tabindex=\"-1\">CNC-koneistus<\/a><\/li>\n<li class=\"menu-item menu-item-type-post_type menu-item-object-page menu-item-332\"><a href=\"https:\/\/kockverkstad.fi\/sv\/cnc-sorvaus\/\" class=\"elementor-item menu-link\" tabindex=\"-1\">CNC-sorvaus<\/a><\/li>\n<li class=\"menu-item menu-item-type-post_type menu-item-object-page menu-item-331\"><a href=\"https:\/\/kockverkstad.fi\/sv\/cnc-jyrsinta\/\" class=\"elementor-item menu-link\" tabindex=\"-1\">CNC-jyrsint\u00e4<\/a><\/li>\n<li class=\"menu-item menu-item-type-post_type menu-item-object-page menu-item-333\"><a href=\"https:\/\/kockverkstad.fi\/sv\/laserleikkaus\/\" class=\"elementor-item menu-link\" tabindex=\"-1\">Laserleikkaus<\/a><\/li>\n<li class=\"menu-item menu-item-type-post_type menu-item-object-page menu-item-329\"><a href=\"https:\/\/kockverkstad.fi\/sv\/sarmays\/\" class=\"elementor-item menu-link\" tabindex=\"-1\">S\u00e4rm\u00e4ys<\/a><\/li>\n<li class=\"menu-item menu-item-type-post_type menu-item-object-page menu-item-335\"><a href=\"https:\/\/kockverkstad.fi\/sv\/hitsaus\/\" class=\"elementor-item menu-link\" tabindex=\"-1\">Hitsaus<\/a><\/li>\n<li class=\"menu-item menu-item-type-post_type menu-item-object-page menu-item-328\"><a href=\"https:\/\/kockverkstad.fi\/sv\/hiekkapuhallus\/\" class=\"elementor-item menu-link\" tabindex=\"-1\">Hiekkapuhallus<\/a><\/li>\n<li class=\"menu-item menu-item-type-post_type menu-item-object-page menu-item-336\"><a href=\"https:\/\/kockverkstad.fi\/sv\/pintakasittely\/\" class=\"elementor-item menu-link\" tabindex=\"-1\">Pintak\u00e4sittely<\/a><\/li>\n<li class=\"menu-item menu-item-type-post_type menu-item-object-page menu-item-334\"><a href=\"https:\/\/kockverkstad.fi\/sv\/asennus\/\" class=\"elementor-item menu-link\" tabindex=\"-1\">Asennus<\/a><\/li>\n<\/ul>\t\t\t<\/nav>\n\t\t\t\t\t\t<\/div>\n\t\t\t\t\t<\/div>\n\t\t\t\t<\/div>\n\t\t<div class=\"elementor-element elementor-element-4dd8ac0b e-flex e-con-boxed e-con e-parent\" data-id=\"4dd8ac0b\" data-element_type=\"container\" data-e-type=\"container\" id=\"form\" data-settings=\"{&quot;background_background&quot;:&quot;classic&quot;}\">\n\t\t\t\t\t<div class=\"e-con-inner\">\n\t\t<div class=\"elementor-element elementor-element-15a886eb e-con-full e-flex e-con e-child\" data-id=\"15a886eb\" data-element_type=\"container\" data-e-type=\"container\" data-settings=\"{&quot;background_background&quot;:&quot;classic&quot;}\">\n\t\t\t\t<div class=\"elementor-element elementor-element-739e5ceb elementor-widget elementor-widget-heading\" data-id=\"739e5ceb\" data-element_type=\"widget\" data-e-type=\"widget\" data-widget_type=\"heading.default\">\n\t\t\t\t\t<h2 class=\"elementor-heading-title elementor-size-default\">Teollista tarkkuutta ja laatua\n<\/h2>\t\t\t\t<\/div>\n\t\t\t\t<div class=\"elementor-element elementor-element-5d80f7 elementor-widget elementor-widget-text-editor\" data-id=\"5d80f7\" data-element_type=\"widget\" data-e-type=\"widget\" data-widget_type=\"text-editor.default\">\n\t\t\t\t\t\t\t\t\t<p>Kock Verkstad tarjoaa asennusratkaisuja osana kokonaisvaltaista valmistus- ja koneistustarjontaansa. Keskitymme korkeaan tarkkuuteen, tekniseen osaamiseen ja asiakaskohtaisiin tuotantovirtoihin varmistaaksemme, ett\u00e4 jokainen asennusvaihe t\u00e4ytt\u00e4\u00e4 alan vaatimukset \u2013 olipa kyseess\u00e4 osakokoonpano tai valmis lopputuote.<\/p><p>Haluatko luotettavan kumppanin, joka hoitaa koko ketjun raaka-aineesta valmiiksi asennettuun tuotteeseen? Ota yhteytt\u00e4 Kock Verkstadiin \u2013 l\u00f6yd\u00e4mme ratkaisun, joka sopii juuri sinun tarpeisiisi.<\/p>\t\t\t\t\t\t\t\t<\/div>\n\t\t\t\t<div class=\"elementor-element elementor-element-3f5f61d elementor-align-left elementor-widget elementor-widget-button\" data-id=\"3f5f61d\" data-element_type=\"widget\" data-e-type=\"widget\" data-widget_type=\"button.default\">\n\t\t\t\t\t\t\t\t\t\t<a class=\"elementor-button elementor-button-link elementor-size-sm\" href=\"#form\">\n\t\t\t\t\t\t<span class=\"elementor-button-content-wrapper\">\n\t\t\t\t\t\t\t\t\t<span class=\"elementor-button-text\">Ota yhteytt\u00e4<\/span>\n\t\t\t\t\t<\/span>\n\t\t\t\t\t<\/a>\n\t\t\t\t\t\t\t\t<\/div>\n\t\t\t\t<\/div>\n\t\t<div class=\"elementor-element elementor-element-2ca3c25a e-con-full e-flex e-con e-child\" data-id=\"2ca3c25a\" data-element_type=\"container\" data-e-type=\"container\" data-settings=\"{&quot;background_background&quot;:&quot;classic&quot;}\">\n\t\t\t\t<div class=\"elementor-element elementor-element-40610ee elementor-widget elementor-widget-text-editor\" data-id=\"40610ee\" data-element_type=\"widget\" data-e-type=\"widget\" data-widget_type=\"text-editor.default\">\n\t\t\t\t\t\t\t\t\t<p>Oletko kiinnostunut? Ota yhteytt\u00e4, niin palaamme tarjouksen kanssa, joka on r\u00e4\u00e4t\u00e4l\u00f6ity piirustustesi, materiaalivaatimustesi ja halutun m\u00e4\u00e4r\u00e4n mukaan. Voit aina l\u00e4hett\u00e4\u00e4 s\u00e4hk\u00f6postia osoitteeseen <a class=\"decorated-link cursor-pointer\" rel=\"noopener\" data-start=\"255\" data-end=\"277\">office@kockverkstad.fi<\/a> tai soittaa numeroon <a href=\"http:\/\/+358 50 343 26 26\" data-wplink-url-error=\"true\">+358 50 343 26 26<\/a>.<\/p>\t\t\t\t\t\t\t\t<\/div>\n\t\t\t\t<div class=\"elementor-element elementor-element-792de815 elementor-button-align-stretch elementor-widget elementor-widget-form\" data-id=\"792de815\" data-element_type=\"widget\" data-e-type=\"widget\" data-settings=\"{&quot;step_next_label&quot;:&quot;Next&quot;,&quot;step_previous_label&quot;:&quot;Previous&quot;,&quot;button_width&quot;:&quot;100&quot;,&quot;step_type&quot;:&quot;number_text&quot;,&quot;step_icon_shape&quot;:&quot;circle&quot;}\" data-widget_type=\"form.default\">\n\t\t\t\t\t\t\t<form class=\"elementor-form\" method=\"post\" name=\"New Form\" aria-label=\"New Form\">\n\t\t\t<input type=\"hidden\" name=\"post_id\" value=\"63\"\/>\n\t\t\t<input type=\"hidden\" name=\"form_id\" value=\"792de815\"\/>\n\t\t\t<input type=\"hidden\" name=\"referer_title\" value=\"\" \/>\n\n\t\t\t\n\t\t\t<div class=\"elementor-form-fields-wrapper elementor-labels-\">\n\t\t\t\t\t\t\t\t<div class=\"elementor-field-type-text elementor-field-group elementor-column elementor-field-group-field_0238e49 elementor-col-50\">\n\t\t\t\t\t\t\t\t\t\t\t\t\t<input size=\"1\" type=\"text\" name=\"form_fields[field_0238e49]\" id=\"form-field-field_0238e49\" class=\"elementor-field elementor-size-sm  elementor-field-textual\">\n\t\t\t\t\t\t\t\t\t\t\t<\/div>\n\t\t\t\t\t\t\t\t<div class=\"elementor-field-type-text elementor-field-group elementor-column elementor-field-group-name elementor-col-50\">\n\t\t\t\t\t\t\t\t\t\t\t\t<label for=\"form-field-name\" class=\"elementor-field-label elementor-screen-only\">\n\t\t\t\t\t\t\t\tNamn\t\t\t\t\t\t\t<\/label>\n\t\t\t\t\t\t\t\t\t\t\t\t\t\t<input size=\"1\" type=\"text\" name=\"form_fields[name]\" id=\"form-field-name\" class=\"elementor-field elementor-size-sm  elementor-field-textual\" placeholder=\"Namn\">\n\t\t\t\t\t\t\t\t\t\t\t<\/div>\n\t\t\t\t\t\t\t\t<div class=\"elementor-field-type-email elementor-field-group elementor-column elementor-field-group-email elementor-col-50 elementor-field-required\">\n\t\t\t\t\t\t\t\t\t\t\t\t<label for=\"form-field-email\" class=\"elementor-field-label elementor-screen-only\">\n\t\t\t\t\t\t\t\tE-post\t\t\t\t\t\t\t<\/label>\n\t\t\t\t\t\t\t\t\t\t\t\t\t\t<input size=\"1\" type=\"email\" name=\"form_fields[email]\" id=\"form-field-email\" class=\"elementor-field elementor-size-sm  elementor-field-textual\" placeholder=\"E-post\" required=\"required\">\n\t\t\t\t\t\t\t\t\t\t\t<\/div>\n\t\t\t\t\t\t\t\t<div class=\"elementor-field-type-text elementor-field-group elementor-column elementor-field-group-field_44afc7a elementor-col-50\">\n\t\t\t\t\t\t\t\t\t\t\t\t<label for=\"form-field-field_44afc7a\" class=\"elementor-field-label elementor-screen-only\">\n\t\t\t\t\t\t\t\tTelefonnummer\t\t\t\t\t\t\t<\/label>\n\t\t\t\t\t\t\t\t\t\t\t\t\t\t<input size=\"1\" type=\"text\" name=\"form_fields[field_44afc7a]\" id=\"form-field-field_44afc7a\" class=\"elementor-field elementor-size-sm  elementor-field-textual\" placeholder=\"Telefonnummer\">\n\t\t\t\t\t\t\t\t\t\t\t<\/div>\n\t\t\t\t\t\t\t\t<div class=\"elementor-field-type-textarea elementor-field-group elementor-column elementor-field-group-message elementor-col-100\">\n\t\t\t\t\t\t\t\t\t\t\t\t<label for=\"form-field-message\" class=\"elementor-field-label elementor-screen-only\">\n\t\t\t\t\t\t\t\tMeddelande\t\t\t\t\t\t\t<\/label>\n\t\t\t\t\t\t<textarea class=\"elementor-field-textual elementor-field  elementor-size-sm\" name=\"form_fields[message]\" id=\"form-field-message\" rows=\"2\" placeholder=\"Meddelande\"><\/textarea>\t\t\t\t<\/div>\n\t\t\t\t\t\t\t\t<div class=\"elementor-field-group elementor-column elementor-field-type-submit elementor-col-100 e-form__buttons\">\n\t\t\t\t\t<button class=\"elementor-button elementor-size-sm\" type=\"submit\">\n\t\t\t\t\t\t<span class=\"elementor-button-content-wrapper\">\n\t\t\t\t\t\t\t\t\t\t\t\t\t\t\t\t\t\t\t\t\t\t<span class=\"elementor-button-text\">Skicka<\/span>\n\t\t\t\t\t\t\t\t\t\t\t\t\t<\/span>\n\t\t\t\t\t<\/button>\n\t\t\t\t<\/div>\n\t\t\t<\/div>\n\t\t<\/form>\n\t\t\t\t\t\t<\/div>\n\t\t\t\t<\/div>\n\t\t\t\t\t<\/div>\n\t\t\t\t<\/div>\n\t\t<div class=\"elementor-element elementor-element-3b9cc50c e-flex e-con-boxed e-con e-parent\" data-id=\"3b9cc50c\" data-element_type=\"container\" data-e-type=\"container\" data-settings=\"{&quot;background_background&quot;:&quot;classic&quot;}\">\n\t\t\t\t\t<div class=\"e-con-inner\">\n\t\t<div class=\"elementor-element elementor-element-2082d126 e-con-full e-flex e-con e-child\" data-id=\"2082d126\" data-element_type=\"container\" data-e-type=\"container\" data-settings=\"{&quot;background_background&quot;:&quot;classic&quot;}\">\n\t\t\t\t<div class=\"elementor-element elementor-element-3ec2ac4c elementor-widget elementor-widget-heading\" data-id=\"3ec2ac4c\" data-element_type=\"widget\" data-e-type=\"widget\" data-widget_type=\"heading.default\">\n\t\t\t\t\t<h2 class=\"elementor-heading-title elementor-size-default\">Teollinen kokoonpano\n\n\n\n<\/h2>\t\t\t\t<\/div>\n\t\t\t\t<div class=\"elementor-element elementor-element-3e1b23c elementor-widget elementor-widget-text-editor\" data-id=\"3e1b23c\" data-element_type=\"widget\" data-e-type=\"widget\" data-widget_type=\"text-editor.default\">\n\t\t\t\t\t\t\t\t\t<p>Suoritamme sek\u00e4 osakokoonpanoja ett\u00e4 loppukokoonpanoja \u2013 usein suoraan oman koneistuksen ja CNC-tuotannon jatkona. T\u00e4m\u00e4 takaa asiakkaillemme tehokkaan ja laadunvarmistetun tuotantovirran raaka-aineesta valmiiksi tuotteeksi. Joustavuutemme ansiosta voimme mukautua sek\u00e4 pieniin sarjoihin ett\u00e4 monimutkaisiin projekteihin.<\/p>\t\t\t\t\t\t\t\t<\/div>\n\t\t\t\t<div class=\"elementor-element elementor-element-211cd589 elementor-align-left elementor-widget elementor-widget-button\" data-id=\"211cd589\" data-element_type=\"widget\" data-e-type=\"widget\" data-widget_type=\"button.default\">\n\t\t\t\t\t\t\t\t\t\t<a class=\"elementor-button elementor-button-link elementor-size-sm\" href=\"#form\">\n\t\t\t\t\t\t<span class=\"elementor-button-content-wrapper\">\n\t\t\t\t\t\t\t\t\t<span class=\"elementor-button-text\">Ota yhteytt\u00e4<\/span>\n\t\t\t\t\t<\/span>\n\t\t\t\t\t<\/a>\n\t\t\t\t\t\t\t\t<\/div>\n\t\t\t\t<\/div>\n\t\t<div class=\"elementor-element elementor-element-6587c120 e-con-full e-flex e-con e-child\" data-id=\"6587c120\" data-element_type=\"container\" data-e-type=\"container\" data-settings=\"{&quot;background_background&quot;:&quot;classic&quot;}\">\n\t\t\t\t<div class=\"elementor-element elementor-element-4949fd61 elementor-widget elementor-widget-image\" data-id=\"4949fd61\" data-element_type=\"widget\" data-e-type=\"widget\" data-widget_type=\"image.default\">\n\t\t\t\t\t\t\t\t\t\t\t\t\t\t\t<img fetchpriority=\"high\" decoding=\"async\" width=\"2560\" height=\"1707\" src=\"https:\/\/kockverkstad.fi\/wp-content\/uploads\/2026\/02\/20200820_esk_0304-scaled.jpg\" class=\"attachment-full size-full wp-image-1184\" alt=\"\" srcset=\"https:\/\/kockverkstad.fi\/wp-content\/uploads\/2026\/02\/20200820_esk_0304-scaled.jpg 2560w, https:\/\/kockverkstad.fi\/wp-content\/uploads\/2026\/02\/20200820_esk_0304-300x200.jpg 300w, https:\/\/kockverkstad.fi\/wp-content\/uploads\/2026\/02\/20200820_esk_0304-1024x683.jpg 1024w, https:\/\/kockverkstad.fi\/wp-content\/uploads\/2026\/02\/20200820_esk_0304-768x512.jpg 768w, https:\/\/kockverkstad.fi\/wp-content\/uploads\/2026\/02\/20200820_esk_0304-1536x1024.jpg 1536w, https:\/\/kockverkstad.fi\/wp-content\/uploads\/2026\/02\/20200820_esk_0304-2048x1365.jpg 2048w, https:\/\/kockverkstad.fi\/wp-content\/uploads\/2026\/02\/20200820_esk_0304-18x12.jpg 18w\" sizes=\"(max-width: 2560px) 100vw, 2560px\" \/>\t\t\t\t\t\t\t\t\t\t\t\t\t\t\t<\/div>\n\t\t\t\t<\/div>\n\t\t\t\t\t<\/div>\n\t\t\t\t<\/div>\n\t\t<div class=\"elementor-element elementor-element-4307051b e-flex e-con-boxed e-con e-parent\" data-id=\"4307051b\" data-element_type=\"container\" data-e-type=\"container\" data-settings=\"{&quot;background_background&quot;:&quot;classic&quot;}\">\n\t\t\t\t\t<div class=\"e-con-inner\">\n\t\t<div class=\"elementor-element elementor-element-581636db e-con-full e-flex e-con e-child\" data-id=\"581636db\" data-element_type=\"container\" data-e-type=\"container\" data-settings=\"{&quot;background_background&quot;:&quot;classic&quot;}\">\n\t\t\t\t<div class=\"elementor-element elementor-element-402618ac elementor-widget elementor-widget-heading\" data-id=\"402618ac\" data-element_type=\"widget\" data-e-type=\"widget\" data-widget_type=\"heading.default\">\n\t\t\t\t\t<h2 class=\"elementor-heading-title elementor-size-default\">Kapasiteetti ja nykyaikainen teknologia\n\n<\/h2>\t\t\t\t<\/div>\n\t\t\t\t<div class=\"elementor-element elementor-element-4b03c7e4 elementor-widget elementor-widget-text-editor\" data-id=\"4b03c7e4\" data-element_type=\"widget\" data-e-type=\"widget\" data-widget_type=\"text-editor.default\">\n\t\t\t\t\t\t\t\t\t<p>Asennus tapahtuu mukautetuissa tiloissa, joissa yhdist\u00e4mme manuaaliset vaiheet automatisoituihin ratkaisuihin. Nykyaikainen verstasymp\u00e4rist\u00f6mme on varustettu mahdollistamaan sek\u00e4 suurten volyymien tuotannon ett\u00e4 vaativien teknisten kokoonpanojen toteutuksen jatkuvan laadunvalvonnan alaisuudessa.<\/p><p>Dokumentoimme kaikki prosessin vaiheet, mik\u00e4 takaa j\u00e4ljitett\u00e4vyyden, toistettavuuden ja tasaisen laadun riippumatta sarjakoosta. Tarvitsetko luotettavan asennuskumppanin, jolla on kapasiteettia toimittaa korkealla laadulla ja lyhyill\u00e4 toimitusajoilla? Ota yhteytt\u00e4 Kock Verkstadiin.<\/p>\t\t\t\t\t\t\t\t<\/div>\n\t\t\t\t<div class=\"elementor-element elementor-element-35fbaf72 elementor-align-left elementor-widget elementor-widget-button\" data-id=\"35fbaf72\" data-element_type=\"widget\" data-e-type=\"widget\" data-widget_type=\"button.default\">\n\t\t\t\t\t\t\t\t\t\t<a class=\"elementor-button elementor-button-link elementor-size-sm\" href=\"#form\">\n\t\t\t\t\t\t<span class=\"elementor-button-content-wrapper\">\n\t\t\t\t\t\t\t\t\t<span class=\"elementor-button-text\">Ota yhteytt\u00e4<\/span>\n\t\t\t\t\t<\/span>\n\t\t\t\t\t<\/a>\n\t\t\t\t\t\t\t\t<\/div>\n\t\t\t\t<\/div>\n\t\t<div class=\"elementor-element elementor-element-15e5d3db e-con-full e-flex e-con e-child\" data-id=\"15e5d3db\" data-element_type=\"container\" data-e-type=\"container\" data-settings=\"{&quot;background_background&quot;:&quot;classic&quot;}\">\n\t\t\t\t<div class=\"elementor-element elementor-element-2c57a5eb elementor-widget elementor-widget-image\" data-id=\"2c57a5eb\" data-element_type=\"widget\" data-e-type=\"widget\" data-widget_type=\"image.default\">\n\t\t\t\t\t\t\t\t\t\t\t\t\t\t\t<img decoding=\"async\" width=\"2560\" height=\"1707\" src=\"https:\/\/kockverkstad.fi\/wp-content\/uploads\/2026\/02\/20200820_esk_0279-scaled.jpg\" class=\"attachment-full size-full wp-image-1183\" alt=\"\" srcset=\"https:\/\/kockverkstad.fi\/wp-content\/uploads\/2026\/02\/20200820_esk_0279-scaled.jpg 2560w, https:\/\/kockverkstad.fi\/wp-content\/uploads\/2026\/02\/20200820_esk_0279-300x200.jpg 300w, https:\/\/kockverkstad.fi\/wp-content\/uploads\/2026\/02\/20200820_esk_0279-1024x683.jpg 1024w, https:\/\/kockverkstad.fi\/wp-content\/uploads\/2026\/02\/20200820_esk_0279-768x512.jpg 768w, https:\/\/kockverkstad.fi\/wp-content\/uploads\/2026\/02\/20200820_esk_0279-1536x1024.jpg 1536w, https:\/\/kockverkstad.fi\/wp-content\/uploads\/2026\/02\/20200820_esk_0279-2048x1365.jpg 2048w, https:\/\/kockverkstad.fi\/wp-content\/uploads\/2026\/02\/20200820_esk_0279-18x12.jpg 18w\" sizes=\"(max-width: 2560px) 100vw, 2560px\" \/>\t\t\t\t\t\t\t\t\t\t\t\t\t\t\t<\/div>\n\t\t\t\t<\/div>\n\t\t\t\t\t<\/div>\n\t\t\t\t<\/div>\n\t\t\t\t<\/div>\n\t\t","protected":false},"excerpt":{"rendered":"<p>Teollista tarkkuutta ja laatua Kock Verkstad tarjoaa asennusratkaisuja osana kokonaisvaltaista valmistus- ja koneistustarjontaansa. Keskitymme korkeaan tarkkuuteen, tekniseen osaamiseen ja asiakaskohtaisiin [&hellip;]<\/p>\n","protected":false},"author":1,"featured_media":0,"parent":0,"menu_order":0,"comment_status":"closed","ping_status":"closed","template":"","meta":{"site-sidebar-layout":"no-sidebar","site-content-layout":"","ast-site-content-layout":"full-width-container","site-content-style":"default","site-sidebar-style":"default","ast-global-header-display":"","ast-banner-title-visibility":"","ast-main-header-display":"","ast-hfb-above-header-display":"","ast-hfb-below-header-display":"","ast-hfb-mobile-header-display":"","site-post-title":"disabled","ast-breadcrumbs-content":"","ast-featured-img":"disabled","footer-sml-layout":"","ast-disable-related-posts":"","theme-transparent-header-meta":"","adv-header-id-meta":"","stick-header-meta":"","header-above-stick-meta":"","header-main-stick-meta":"","header-below-stick-meta":"","astra-migrate-meta-layouts":"default","ast-page-background-enabled":"default","ast-page-background-meta":{"desktop":{"background-color":"var(--ast-global-color-5)","background-image":"","background-repeat":"repeat","background-position":"center center","background-size":"auto","background-attachment":"scroll","background-type":"","background-media":"","overlay-type":"","overlay-color":"","overlay-opacity":"","overlay-gradient":""},"tablet":{"background-color":"","background-image":"","background-repeat":"repeat","background-position":"center center","background-size":"auto","background-attachment":"scroll","background-type":"","background-media":"","overlay-type":"","overlay-color":"","overlay-opacity":"","overlay-gradient":""},"mobile":{"background-color":"","background-image":"","background-repeat":"repeat","background-position":"center center","background-size":"auto","background-attachment":"scroll","background-type":"","background-media":"","overlay-type":"","overlay-color":"","overlay-opacity":"","overlay-gradient":""}},"ast-content-background-meta":{"desktop":{"background-color":"var(--ast-global-color-4)","background-image":"","background-repeat":"repeat","background-position":"center center","background-size":"auto","background-attachment":"scroll","background-type":"","background-media":"","overlay-type":"","overlay-color":"","overlay-opacity":"","overlay-gradient":""},"tablet":{"background-color":"var(--ast-global-color-4)","background-image":"","background-repeat":"repeat","background-position":"center center","background-size":"auto","background-attachment":"scroll","background-type":"","background-media":"","overlay-type":"","overlay-color":"","overlay-opacity":"","overlay-gradient":""},"mobile":{"background-color":"var(--ast-global-color-4)","background-image":"","background-repeat":"repeat","background-position":"center center","background-size":"auto","background-attachment":"scroll","background-type":"","background-media":"","overlay-type":"","overlay-color":"","overlay-opacity":"","overlay-gradient":""}},"footnotes":""},"class_list":["post-63","page","type-page","status-publish","hentry"],"_links":{"self":[{"href":"https:\/\/kockverkstad.fi\/sv\/wp-json\/wp\/v2\/pages\/63","targetHints":{"allow":["GET"]}}],"collection":[{"href":"https:\/\/kockverkstad.fi\/sv\/wp-json\/wp\/v2\/pages"}],"about":[{"href":"https:\/\/kockverkstad.fi\/sv\/wp-json\/wp\/v2\/types\/page"}],"author":[{"embeddable":true,"href":"https:\/\/kockverkstad.fi\/sv\/wp-json\/wp\/v2\/users\/1"}],"replies":[{"embeddable":true,"href":"https:\/\/kockverkstad.fi\/sv\/wp-json\/wp\/v2\/comments?post=63"}],"version-history":[{"count":32,"href":"https:\/\/kockverkstad.fi\/sv\/wp-json\/wp\/v2\/pages\/63\/revisions"}],"predecessor-version":[{"id":1683,"href":"https:\/\/kockverkstad.fi\/sv\/wp-json\/wp\/v2\/pages\/63\/revisions\/1683"}],"wp:attachment":[{"href":"https:\/\/kockverkstad.fi\/sv\/wp-json\/wp\/v2\/media?parent=63"}],"curies":[{"name":"wp","href":"https:\/\/api.w.org\/{rel}","templated":true}]}}