{"id":61,"date":"2026-02-16T08:09:00","date_gmt":"2026-02-16T08:09:00","guid":{"rendered":"https:\/\/kockverkstad.fi\/?page_id=61"},"modified":"2026-04-23T07:44:52","modified_gmt":"2026-04-23T07:44:52","slug":"hitsaus","status":"publish","type":"page","link":"https:\/\/kockverkstad.fi\/sv\/hitsaus\/","title":{"rendered":"Svetsning"},"content":{"rendered":"\t\t<div data-elementor-type=\"wp-page\" data-elementor-id=\"61\" class=\"elementor elementor-61\" data-elementor-post-type=\"page\">\n\t\t\t\t<div class=\"elementor-element elementor-element-27c0c5fa e-flex e-con-boxed e-con e-parent\" data-id=\"27c0c5fa\" data-element_type=\"container\" data-e-type=\"container\" data-settings=\"{&quot;background_background&quot;:&quot;classic&quot;}\">\n\t\t\t\t\t<div class=\"e-con-inner\">\n\t\t\t\t\t<\/div>\n\t\t\t\t<\/div>\n\t\t<div class=\"elementor-element elementor-element-464397e5 elementor-hidden-mobile e-flex e-con-boxed e-con e-parent\" data-id=\"464397e5\" data-element_type=\"container\" data-e-type=\"container\" data-settings=\"{&quot;background_background&quot;:&quot;classic&quot;,&quot;sticky&quot;:&quot;top&quot;,&quot;sticky_offset&quot;:70,&quot;sticky_offset_tablet&quot;:60,&quot;sticky_on&quot;:[&quot;desktop&quot;,&quot;tablet&quot;,&quot;mobile&quot;],&quot;sticky_effects_offset&quot;:0,&quot;sticky_anchor_link_offset&quot;:0}\">\n\t\t\t\t\t<div class=\"e-con-inner\">\n\t\t\t\t<div class=\"elementor-element elementor-element-31ca24f9 elementor-nav-menu__align-justify elementor-nav-menu--dropdown-none elementor-widget elementor-widget-global elementor-global-366 elementor-widget-nav-menu\" data-id=\"31ca24f9\" data-element_type=\"widget\" data-e-type=\"widget\" data-settings=\"{&quot;layout&quot;:&quot;horizontal&quot;,&quot;submenu_icon&quot;:{&quot;value&quot;:&quot;fas fa-caret-down&quot;,&quot;library&quot;:&quot;fa-solid&quot;}}\" data-widget_type=\"nav-menu.default\">\n\t\t\t\t\t\t\t\t<nav aria-label=\"Menu\" class=\"elementor-nav-menu--main elementor-nav-menu__container elementor-nav-menu--layout-horizontal e--pointer-none\">\n\t\t\t\t<ul id=\"menu-1-31ca24f9\" class=\"elementor-nav-menu\"><li class=\"menu-item menu-item-type-post_type menu-item-object-page menu-item-330\"><a href=\"https:\/\/kockverkstad.fi\/sv\/cnc-koneistus\/\" class=\"elementor-item menu-link\">CNC-koneistus<\/a><\/li>\n<li class=\"menu-item menu-item-type-post_type menu-item-object-page menu-item-332\"><a href=\"https:\/\/kockverkstad.fi\/sv\/cnc-sorvaus\/\" class=\"elementor-item menu-link\">CNC-sorvaus<\/a><\/li>\n<li class=\"menu-item menu-item-type-post_type menu-item-object-page menu-item-331\"><a href=\"https:\/\/kockverkstad.fi\/sv\/cnc-jyrsinta\/\" class=\"elementor-item menu-link\">CNC-jyrsint\u00e4<\/a><\/li>\n<li class=\"menu-item menu-item-type-post_type menu-item-object-page menu-item-333\"><a href=\"https:\/\/kockverkstad.fi\/sv\/laserleikkaus\/\" class=\"elementor-item menu-link\">Laserleikkaus<\/a><\/li>\n<li class=\"menu-item menu-item-type-post_type menu-item-object-page menu-item-329\"><a href=\"https:\/\/kockverkstad.fi\/sv\/sarmays\/\" class=\"elementor-item menu-link\">S\u00e4rm\u00e4ys<\/a><\/li>\n<li class=\"menu-item menu-item-type-post_type menu-item-object-page menu-item-335\"><a href=\"https:\/\/kockverkstad.fi\/sv\/hitsaus\/\" class=\"elementor-item menu-link\">Hitsaus<\/a><\/li>\n<li class=\"menu-item menu-item-type-post_type menu-item-object-page menu-item-328\"><a href=\"https:\/\/kockverkstad.fi\/sv\/hiekkapuhallus\/\" class=\"elementor-item menu-link\">Hiekkapuhallus<\/a><\/li>\n<li class=\"menu-item menu-item-type-post_type menu-item-object-page menu-item-336\"><a href=\"https:\/\/kockverkstad.fi\/sv\/pintakasittely\/\" class=\"elementor-item menu-link\">Pintak\u00e4sittely<\/a><\/li>\n<li class=\"menu-item menu-item-type-post_type menu-item-object-page menu-item-334\"><a href=\"https:\/\/kockverkstad.fi\/sv\/asennus\/\" class=\"elementor-item menu-link\">Asennus<\/a><\/li>\n<\/ul>\t\t\t<\/nav>\n\t\t\t\t\t\t<nav class=\"elementor-nav-menu--dropdown elementor-nav-menu__container\" aria-hidden=\"true\">\n\t\t\t\t<ul id=\"menu-2-31ca24f9\" class=\"elementor-nav-menu\"><li class=\"menu-item menu-item-type-post_type menu-item-object-page menu-item-330\"><a href=\"https:\/\/kockverkstad.fi\/sv\/cnc-koneistus\/\" class=\"elementor-item menu-link\" tabindex=\"-1\">CNC-koneistus<\/a><\/li>\n<li class=\"menu-item menu-item-type-post_type menu-item-object-page menu-item-332\"><a href=\"https:\/\/kockverkstad.fi\/sv\/cnc-sorvaus\/\" class=\"elementor-item menu-link\" tabindex=\"-1\">CNC-sorvaus<\/a><\/li>\n<li class=\"menu-item menu-item-type-post_type menu-item-object-page menu-item-331\"><a href=\"https:\/\/kockverkstad.fi\/sv\/cnc-jyrsinta\/\" class=\"elementor-item menu-link\" tabindex=\"-1\">CNC-jyrsint\u00e4<\/a><\/li>\n<li class=\"menu-item menu-item-type-post_type menu-item-object-page menu-item-333\"><a href=\"https:\/\/kockverkstad.fi\/sv\/laserleikkaus\/\" class=\"elementor-item menu-link\" tabindex=\"-1\">Laserleikkaus<\/a><\/li>\n<li class=\"menu-item menu-item-type-post_type menu-item-object-page menu-item-329\"><a href=\"https:\/\/kockverkstad.fi\/sv\/sarmays\/\" class=\"elementor-item menu-link\" tabindex=\"-1\">S\u00e4rm\u00e4ys<\/a><\/li>\n<li class=\"menu-item menu-item-type-post_type menu-item-object-page menu-item-335\"><a href=\"https:\/\/kockverkstad.fi\/sv\/hitsaus\/\" class=\"elementor-item menu-link\" tabindex=\"-1\">Hitsaus<\/a><\/li>\n<li class=\"menu-item menu-item-type-post_type menu-item-object-page menu-item-328\"><a href=\"https:\/\/kockverkstad.fi\/sv\/hiekkapuhallus\/\" class=\"elementor-item menu-link\" tabindex=\"-1\">Hiekkapuhallus<\/a><\/li>\n<li class=\"menu-item menu-item-type-post_type menu-item-object-page menu-item-336\"><a href=\"https:\/\/kockverkstad.fi\/sv\/pintakasittely\/\" class=\"elementor-item menu-link\" tabindex=\"-1\">Pintak\u00e4sittely<\/a><\/li>\n<li class=\"menu-item menu-item-type-post_type menu-item-object-page menu-item-334\"><a href=\"https:\/\/kockverkstad.fi\/sv\/asennus\/\" class=\"elementor-item menu-link\" tabindex=\"-1\">Asennus<\/a><\/li>\n<\/ul>\t\t\t<\/nav>\n\t\t\t\t\t\t<\/div>\n\t\t\t\t\t<\/div>\n\t\t\t\t<\/div>\n\t\t<div class=\"elementor-element elementor-element-53c4bec4 e-flex e-con-boxed e-con e-parent\" data-id=\"53c4bec4\" data-element_type=\"container\" data-e-type=\"container\" id=\"form\" data-settings=\"{&quot;background_background&quot;:&quot;classic&quot;}\">\n\t\t\t\t\t<div class=\"e-con-inner\">\n\t\t<div class=\"elementor-element elementor-element-6dab8737 e-con-full e-flex e-con e-child\" data-id=\"6dab8737\" data-element_type=\"container\" data-e-type=\"container\" data-settings=\"{&quot;background_background&quot;:&quot;classic&quot;}\">\n\t\t\t\t<div class=\"elementor-element elementor-element-5f4297f8 elementor-widget elementor-widget-heading\" data-id=\"5f4297f8\" data-element_type=\"widget\" data-e-type=\"widget\" data-widget_type=\"heading.default\">\n\t\t\t\t\t<h2 class=\"elementor-heading-title elementor-size-default\">Edistynytt\u00e4 konepajatuotantoa varten\n<\/h2>\t\t\t\t<\/div>\n\t\t\t\t<div class=\"elementor-element elementor-element-2c16e709 elementor-widget elementor-widget-text-editor\" data-id=\"2c16e709\" data-element_type=\"widget\" data-e-type=\"widget\" data-widget_type=\"text-editor.default\">\n\t\t\t\t\t\t\t\t\t<p>Kock Verkstad tarjoaa hitsauksen osana mekaanista valmistuskapasiteettiamme, keskittyen sarjakriittisiin yksityiskohtiin, pieniin ja keskisuuriin rakenteisiin sek\u00e4 monimutkaisiin komponentteihin mustasta tai ruostumattomasta ter\u00e4ksest\u00e4. Tuotantomme on j\u00e4sennelty varmistamaan tasainen hitsauslaatu, mittapysyvyys ja tehokas projektinhallinta.<\/p>\t\t\t\t\t\t\t\t<\/div>\n\t\t\t\t<div class=\"elementor-element elementor-element-19dfd2f5 elementor-align-left elementor-widget elementor-widget-button\" data-id=\"19dfd2f5\" data-element_type=\"widget\" data-e-type=\"widget\" data-widget_type=\"button.default\">\n\t\t\t\t\t\t\t\t\t\t<a class=\"elementor-button elementor-button-link elementor-size-sm\" href=\"#form\">\n\t\t\t\t\t\t<span class=\"elementor-button-content-wrapper\">\n\t\t\t\t\t\t\t\t\t<span class=\"elementor-button-text\">Ota yhteytt\u00e4<\/span>\n\t\t\t\t\t<\/span>\n\t\t\t\t\t<\/a>\n\t\t\t\t\t\t\t\t<\/div>\n\t\t\t\t<\/div>\n\t\t<div class=\"elementor-element elementor-element-4960c397 e-con-full e-flex e-con e-child\" data-id=\"4960c397\" data-element_type=\"container\" data-e-type=\"container\" data-settings=\"{&quot;background_background&quot;:&quot;classic&quot;}\">\n\t\t\t\t<div class=\"elementor-element elementor-element-53c4821 elementor-widget elementor-widget-text-editor\" data-id=\"53c4821\" data-element_type=\"widget\" data-e-type=\"widget\" data-widget_type=\"text-editor.default\">\n\t\t\t\t\t\t\t\t\t<p>Oletko kiinnostunut? Ota yhteytt\u00e4, niin palaamme tarjouksen kanssa, joka on r\u00e4\u00e4t\u00e4l\u00f6ity piirustustesi, materiaalivaatimustesi ja halutun m\u00e4\u00e4r\u00e4n mukaan. Voit aina l\u00e4hett\u00e4\u00e4 s\u00e4hk\u00f6postia osoitteeseen <a class=\"decorated-link cursor-pointer\" rel=\"noopener\" data-start=\"255\" data-end=\"277\">office@kockverkstad.fi<\/a> tai soittaa numeroon <a href=\"http:\/\/+358 50 343 26 26\" data-wplink-url-error=\"true\">+358 50 343 26 26<\/a>.<\/p>\t\t\t\t\t\t\t\t<\/div>\n\t\t\t\t<div class=\"elementor-element elementor-element-46608b84 elementor-button-align-stretch elementor-widget elementor-widget-form\" data-id=\"46608b84\" data-element_type=\"widget\" data-e-type=\"widget\" data-settings=\"{&quot;step_next_label&quot;:&quot;Next&quot;,&quot;step_previous_label&quot;:&quot;Previous&quot;,&quot;button_width&quot;:&quot;100&quot;,&quot;step_type&quot;:&quot;number_text&quot;,&quot;step_icon_shape&quot;:&quot;circle&quot;}\" data-widget_type=\"form.default\">\n\t\t\t\t\t\t\t<form class=\"elementor-form\" method=\"post\" name=\"New Form\" aria-label=\"New Form\">\n\t\t\t<input type=\"hidden\" name=\"post_id\" value=\"61\"\/>\n\t\t\t<input type=\"hidden\" name=\"form_id\" value=\"46608b84\"\/>\n\t\t\t<input type=\"hidden\" name=\"referer_title\" value=\"\" \/>\n\n\t\t\t\n\t\t\t<div class=\"elementor-form-fields-wrapper elementor-labels-\">\n\t\t\t\t\t\t\t\t<div class=\"elementor-field-type-text elementor-field-group elementor-column elementor-field-group-field_0238e49 elementor-col-50\">\n\t\t\t\t\t\t\t\t\t\t\t\t\t<input size=\"1\" type=\"text\" name=\"form_fields[field_0238e49]\" id=\"form-field-field_0238e49\" class=\"elementor-field elementor-size-sm  elementor-field-textual\">\n\t\t\t\t\t\t\t\t\t\t\t<\/div>\n\t\t\t\t\t\t\t\t<div class=\"elementor-field-type-text elementor-field-group elementor-column elementor-field-group-name elementor-col-50\">\n\t\t\t\t\t\t\t\t\t\t\t\t<label for=\"form-field-name\" class=\"elementor-field-label elementor-screen-only\">\n\t\t\t\t\t\t\t\tNamn\t\t\t\t\t\t\t<\/label>\n\t\t\t\t\t\t\t\t\t\t\t\t\t\t<input size=\"1\" type=\"text\" name=\"form_fields[name]\" id=\"form-field-name\" class=\"elementor-field elementor-size-sm  elementor-field-textual\" placeholder=\"Namn\">\n\t\t\t\t\t\t\t\t\t\t\t<\/div>\n\t\t\t\t\t\t\t\t<div class=\"elementor-field-type-email elementor-field-group elementor-column elementor-field-group-email elementor-col-50 elementor-field-required\">\n\t\t\t\t\t\t\t\t\t\t\t\t<label for=\"form-field-email\" class=\"elementor-field-label elementor-screen-only\">\n\t\t\t\t\t\t\t\tE-post\t\t\t\t\t\t\t<\/label>\n\t\t\t\t\t\t\t\t\t\t\t\t\t\t<input size=\"1\" type=\"email\" name=\"form_fields[email]\" id=\"form-field-email\" class=\"elementor-field elementor-size-sm  elementor-field-textual\" placeholder=\"E-post\" required=\"required\">\n\t\t\t\t\t\t\t\t\t\t\t<\/div>\n\t\t\t\t\t\t\t\t<div class=\"elementor-field-type-text elementor-field-group elementor-column elementor-field-group-field_44afc7a elementor-col-50\">\n\t\t\t\t\t\t\t\t\t\t\t\t<label for=\"form-field-field_44afc7a\" class=\"elementor-field-label elementor-screen-only\">\n\t\t\t\t\t\t\t\tTelefonnummer\t\t\t\t\t\t\t<\/label>\n\t\t\t\t\t\t\t\t\t\t\t\t\t\t<input size=\"1\" type=\"text\" name=\"form_fields[field_44afc7a]\" id=\"form-field-field_44afc7a\" class=\"elementor-field elementor-size-sm  elementor-field-textual\" placeholder=\"Telefonnummer\">\n\t\t\t\t\t\t\t\t\t\t\t<\/div>\n\t\t\t\t\t\t\t\t<div class=\"elementor-field-type-textarea elementor-field-group elementor-column elementor-field-group-message elementor-col-100\">\n\t\t\t\t\t\t\t\t\t\t\t\t<label for=\"form-field-message\" class=\"elementor-field-label elementor-screen-only\">\n\t\t\t\t\t\t\t\tMeddelande\t\t\t\t\t\t\t<\/label>\n\t\t\t\t\t\t<textarea class=\"elementor-field-textual elementor-field  elementor-size-sm\" name=\"form_fields[message]\" id=\"form-field-message\" rows=\"2\" placeholder=\"Meddelande\"><\/textarea>\t\t\t\t<\/div>\n\t\t\t\t\t\t\t\t<div class=\"elementor-field-group elementor-column elementor-field-type-submit elementor-col-100 e-form__buttons\">\n\t\t\t\t\t<button class=\"elementor-button elementor-size-sm\" type=\"submit\">\n\t\t\t\t\t\t<span class=\"elementor-button-content-wrapper\">\n\t\t\t\t\t\t\t\t\t\t\t\t\t\t\t\t\t\t\t\t\t\t<span class=\"elementor-button-text\">Skicka<\/span>\n\t\t\t\t\t\t\t\t\t\t\t\t\t<\/span>\n\t\t\t\t\t<\/button>\n\t\t\t\t<\/div>\n\t\t\t<\/div>\n\t\t<\/form>\n\t\t\t\t\t\t<\/div>\n\t\t\t\t<\/div>\n\t\t\t\t\t<\/div>\n\t\t\t\t<\/div>\n\t\t<div class=\"elementor-element elementor-element-4448fe75 e-flex e-con-boxed e-con e-parent\" data-id=\"4448fe75\" data-element_type=\"container\" data-e-type=\"container\" data-settings=\"{&quot;background_background&quot;:&quot;classic&quot;}\">\n\t\t\t\t\t<div class=\"e-con-inner\">\n\t\t<div class=\"elementor-element elementor-element-58b0b1d1 e-con-full e-flex e-con e-child\" data-id=\"58b0b1d1\" data-element_type=\"container\" data-e-type=\"container\" data-settings=\"{&quot;background_background&quot;:&quot;classic&quot;}\">\n\t\t\t\t<div class=\"elementor-element elementor-element-61273f0b elementor-widget elementor-widget-heading\" data-id=\"61273f0b\" data-element_type=\"widget\" data-e-type=\"widget\" data-widget_type=\"heading.default\">\n\t\t\t\t\t<h2 class=\"elementor-heading-title elementor-size-default\">Hitsaus hallitussa ketjussa\n\n\n\n<\/h2>\t\t\t\t<\/div>\n\t\t\t\t<div class=\"elementor-element elementor-element-64371353 elementor-widget elementor-widget-text-editor\" data-id=\"64371353\" data-element_type=\"widget\" data-e-type=\"widget\" data-widget_type=\"text-editor.default\">\n\t\t\t\t\t\t\t\t\t<p data-start=\"504\" data-end=\"938\">K\u00e4yt\u00e4mme MIG-, MAG- ja TIG-hitsausta vaatimusten ja materiaalin mukaan. Hitsausvaihe toteutetaan tiiviiss\u00e4 yhteisty\u00f6ss\u00e4 muiden prosessien, kuten laserleikkauksen, jyrsinn\u00e4n ja CNC-ty\u00f6st\u00f6n kanssa, jotta pinnanv\u00e4liset toleranssit saavutetaan. T\u00e4m\u00e4 tekee meist\u00e4 erityisen sopivan t\u00e4ysin integroituihin komponenttivirtoihin, joissa toleranssinhallinta, j\u00e4ljitett\u00e4vyys ja prosessivarmuus ovat ratkaisevia.<\/p><p data-start=\"940\" data-end=\"1153\">Koska hallitsemme sek\u00e4 prototyypit, pienet sarjat ett\u00e4 jatkuvan tuotannon, voimme mukauttaa hitsausstrategian projektin erityistarpeiden mukaan liittyen hitsausgeometriaan, l\u00e4mm\u00f6n vaikutukseen ja j\u00e4lkik\u00e4sittelyyn.<\/p>\t\t\t\t\t\t\t\t<\/div>\n\t\t\t\t<div class=\"elementor-element elementor-element-cfb1827 elementor-align-left elementor-widget elementor-widget-button\" data-id=\"cfb1827\" data-element_type=\"widget\" data-e-type=\"widget\" data-widget_type=\"button.default\">\n\t\t\t\t\t\t\t\t\t\t<a class=\"elementor-button elementor-button-link elementor-size-sm\" href=\"#form\">\n\t\t\t\t\t\t<span class=\"elementor-button-content-wrapper\">\n\t\t\t\t\t\t\t\t\t<span class=\"elementor-button-text\">Ota yhteytt\u00e4<\/span>\n\t\t\t\t\t<\/span>\n\t\t\t\t\t<\/a>\n\t\t\t\t\t\t\t\t<\/div>\n\t\t\t\t<\/div>\n\t\t<div class=\"elementor-element elementor-element-4481feb3 e-con-full e-flex e-con e-child\" data-id=\"4481feb3\" data-element_type=\"container\" data-e-type=\"container\" data-settings=\"{&quot;background_background&quot;:&quot;classic&quot;}\">\n\t\t\t\t<div class=\"elementor-element elementor-element-1980be86 elementor-widget elementor-widget-image\" data-id=\"1980be86\" data-element_type=\"widget\" data-e-type=\"widget\" data-widget_type=\"image.default\">\n\t\t\t\t\t\t\t\t\t\t\t\t\t\t\t<img fetchpriority=\"high\" decoding=\"async\" width=\"2560\" height=\"1707\" src=\"https:\/\/kockverkstad.fi\/wp-content\/uploads\/2026\/02\/20200820_esk_0139-scaled.jpg\" class=\"attachment-full size-full wp-image-1180\" alt=\"\" srcset=\"https:\/\/kockverkstad.fi\/wp-content\/uploads\/2026\/02\/20200820_esk_0139-scaled.jpg 2560w, https:\/\/kockverkstad.fi\/wp-content\/uploads\/2026\/02\/20200820_esk_0139-300x200.jpg 300w, https:\/\/kockverkstad.fi\/wp-content\/uploads\/2026\/02\/20200820_esk_0139-1024x683.jpg 1024w, https:\/\/kockverkstad.fi\/wp-content\/uploads\/2026\/02\/20200820_esk_0139-768x512.jpg 768w, https:\/\/kockverkstad.fi\/wp-content\/uploads\/2026\/02\/20200820_esk_0139-1536x1024.jpg 1536w, https:\/\/kockverkstad.fi\/wp-content\/uploads\/2026\/02\/20200820_esk_0139-2048x1365.jpg 2048w, https:\/\/kockverkstad.fi\/wp-content\/uploads\/2026\/02\/20200820_esk_0139-18x12.jpg 18w\" sizes=\"(max-width: 2560px) 100vw, 2560px\" \/>\t\t\t\t\t\t\t\t\t\t\t\t\t\t\t<\/div>\n\t\t\t\t<\/div>\n\t\t\t\t\t<\/div>\n\t\t\t\t<\/div>\n\t\t<div class=\"elementor-element elementor-element-5819892d e-flex e-con-boxed e-con e-parent\" data-id=\"5819892d\" data-element_type=\"container\" data-e-type=\"container\" data-settings=\"{&quot;background_background&quot;:&quot;classic&quot;}\">\n\t\t\t\t\t<div class=\"e-con-inner\">\n\t\t<div class=\"elementor-element elementor-element-402f7f08 e-con-full e-flex e-con e-child\" data-id=\"402f7f08\" data-element_type=\"container\" data-e-type=\"container\" data-settings=\"{&quot;background_background&quot;:&quot;classic&quot;}\">\n\t\t\t\t<div class=\"elementor-element elementor-element-3260886 elementor-widget elementor-widget-heading\" data-id=\"3260886\" data-element_type=\"widget\" data-e-type=\"widget\" data-widget_type=\"heading.default\">\n\t\t\t\t\t<h2 class=\"elementor-heading-title elementor-size-default\">Materiaaliosaaminen ja prosessivarmuus<\/h2>\t\t\t\t<\/div>\n\t\t\t\t<div class=\"elementor-element elementor-element-5b6cd6fd elementor-widget elementor-widget-text-editor\" data-id=\"5b6cd6fd\" data-element_type=\"widget\" data-e-type=\"widget\" data-widget_type=\"text-editor.default\">\n\t\t\t\t\t\t\t\t\t<p data-start=\"111\" data-end=\"588\">Hitsaamme s\u00e4\u00e4nn\u00f6llisesti sek\u00e4 mustaa ett\u00e4 ruostumatonta ter\u00e4st\u00e4 ja k\u00e4sittelemme vaatimuksia, jotka liittyv\u00e4t pinnan tasaisuuteen, korroosionkest\u00e4vyyteen, hitsattavuuteen ja mittatarkkuuden tarkastukseen. Ruostumattoman ter\u00e4ksen hitsauksessa k\u00e4sittely ja logistiikka toteutetaan erill\u00e4\u00e4n puhtaus- ja materiaaliluokkavaatimusten mukaisesti. Sovitamme kiinnitykset, juuren valmistelun ja menetelm\u00e4valinnat valmistusdokumenttien, standardien ja toleranssivaatimusten perusteella.<\/p><p data-start=\"590\" data-end=\"759\">Asiakkaille, joilla on omat hitsausm\u00e4\u00e4ritykset tai luokituskriteerit, meill\u00e4 on vakiintunutta kokemusta ulkopuolisten prosessiohjeiden k\u00e4ytt\u00f6\u00f6notosta ja noudattamisesta.<\/p>\t\t\t\t\t\t\t\t<\/div>\n\t\t\t\t<div class=\"elementor-element elementor-element-378dcc24 elementor-align-left elementor-widget elementor-widget-button\" data-id=\"378dcc24\" data-element_type=\"widget\" data-e-type=\"widget\" data-widget_type=\"button.default\">\n\t\t\t\t\t\t\t\t\t\t<a class=\"elementor-button elementor-button-link elementor-size-sm\" href=\"#form\">\n\t\t\t\t\t\t<span class=\"elementor-button-content-wrapper\">\n\t\t\t\t\t\t\t\t\t<span class=\"elementor-button-text\">Ota yhteytt\u00e4<\/span>\n\t\t\t\t\t<\/span>\n\t\t\t\t\t<\/a>\n\t\t\t\t\t\t\t\t<\/div>\n\t\t\t\t<\/div>\n\t\t<div class=\"elementor-element elementor-element-4f309b11 e-con-full e-flex e-con e-child\" data-id=\"4f309b11\" data-element_type=\"container\" data-e-type=\"container\" data-settings=\"{&quot;background_background&quot;:&quot;classic&quot;}\">\n\t\t\t\t<div class=\"elementor-element elementor-element-4ff733ae elementor-widget elementor-widget-image\" data-id=\"4ff733ae\" data-element_type=\"widget\" data-e-type=\"widget\" data-widget_type=\"image.default\">\n\t\t\t\t\t\t\t\t\t\t\t\t\t\t\t<img decoding=\"async\" width=\"1500\" height=\"1000\" src=\"https:\/\/kockverkstad.fi\/wp-content\/uploads\/2026\/02\/Kockverkstad2026-web-51.jpg\" class=\"attachment-full size-full wp-image-1277\" alt=\"\" srcset=\"https:\/\/kockverkstad.fi\/wp-content\/uploads\/2026\/02\/Kockverkstad2026-web-51.jpg 1500w, https:\/\/kockverkstad.fi\/wp-content\/uploads\/2026\/02\/Kockverkstad2026-web-51-300x200.jpg 300w, https:\/\/kockverkstad.fi\/wp-content\/uploads\/2026\/02\/Kockverkstad2026-web-51-1024x683.jpg 1024w, https:\/\/kockverkstad.fi\/wp-content\/uploads\/2026\/02\/Kockverkstad2026-web-51-768x512.jpg 768w, https:\/\/kockverkstad.fi\/wp-content\/uploads\/2026\/02\/Kockverkstad2026-web-51-18x12.jpg 18w\" sizes=\"(max-width: 1500px) 100vw, 1500px\" \/>\t\t\t\t\t\t\t\t\t\t\t\t\t\t\t<\/div>\n\t\t\t\t<\/div>\n\t\t\t\t\t<\/div>\n\t\t\t\t<\/div>\n\t\t\t\t<\/div>\n\t\t","protected":false},"excerpt":{"rendered":"<p>Edistynytt\u00e4 konepajatuotantoa varten Kock Verkstad tarjoaa hitsauksen osana mekaanista valmistuskapasiteettiamme, keskittyen sarjakriittisiin yksityiskohtiin, pieniin ja keskisuuriin rakenteisiin sek\u00e4 monimutkaisiin komponentteihin [&hellip;]<\/p>\n","protected":false},"author":1,"featured_media":0,"parent":0,"menu_order":0,"comment_status":"closed","ping_status":"closed","template":"","meta":{"site-sidebar-layout":"no-sidebar","site-content-layout":"","ast-site-content-layout":"full-width-container","site-content-style":"default","site-sidebar-style":"default","ast-global-header-display":"","ast-banner-title-visibility":"","ast-main-header-display":"","ast-hfb-above-header-display":"","ast-hfb-below-header-display":"","ast-hfb-mobile-header-display":"","site-post-title":"disabled","ast-breadcrumbs-content":"","ast-featured-img":"disabled","footer-sml-layout":"","ast-disable-related-posts":"","theme-transparent-header-meta":"","adv-header-id-meta":"","stick-header-meta":"","header-above-stick-meta":"","header-main-stick-meta":"","header-below-stick-meta":"","astra-migrate-meta-layouts":"default","ast-page-background-enabled":"default","ast-page-background-meta":{"desktop":{"background-color":"var(--ast-global-color-5)","background-image":"","background-repeat":"repeat","background-position":"center center","background-size":"auto","background-attachment":"scroll","background-type":"","background-media":"","overlay-type":"","overlay-color":"","overlay-opacity":"","overlay-gradient":""},"tablet":{"background-color":"","background-image":"","background-repeat":"repeat","background-position":"center center","background-size":"auto","background-attachment":"scroll","background-type":"","background-media":"","overlay-type":"","overlay-color":"","overlay-opacity":"","overlay-gradient":""},"mobile":{"background-color":"","background-image":"","background-repeat":"repeat","background-position":"center center","background-size":"auto","background-attachment":"scroll","background-type":"","background-media":"","overlay-type":"","overlay-color":"","overlay-opacity":"","overlay-gradient":""}},"ast-content-background-meta":{"desktop":{"background-color":"var(--ast-global-color-4)","background-image":"","background-repeat":"repeat","background-position":"center center","background-size":"auto","background-attachment":"scroll","background-type":"","background-media":"","overlay-type":"","overlay-color":"","overlay-opacity":"","overlay-gradient":""},"tablet":{"background-color":"var(--ast-global-color-4)","background-image":"","background-repeat":"repeat","background-position":"center center","background-size":"auto","background-attachment":"scroll","background-type":"","background-media":"","overlay-type":"","overlay-color":"","overlay-opacity":"","overlay-gradient":""},"mobile":{"background-color":"var(--ast-global-color-4)","background-image":"","background-repeat":"repeat","background-position":"center center","background-size":"auto","background-attachment":"scroll","background-type":"","background-media":"","overlay-type":"","overlay-color":"","overlay-opacity":"","overlay-gradient":""}},"footnotes":""},"class_list":["post-61","page","type-page","status-publish","hentry"],"_links":{"self":[{"href":"https:\/\/kockverkstad.fi\/sv\/wp-json\/wp\/v2\/pages\/61","targetHints":{"allow":["GET"]}}],"collection":[{"href":"https:\/\/kockverkstad.fi\/sv\/wp-json\/wp\/v2\/pages"}],"about":[{"href":"https:\/\/kockverkstad.fi\/sv\/wp-json\/wp\/v2\/types\/page"}],"author":[{"embeddable":true,"href":"https:\/\/kockverkstad.fi\/sv\/wp-json\/wp\/v2\/users\/1"}],"replies":[{"embeddable":true,"href":"https:\/\/kockverkstad.fi\/sv\/wp-json\/wp\/v2\/comments?post=61"}],"version-history":[{"count":44,"href":"https:\/\/kockverkstad.fi\/sv\/wp-json\/wp\/v2\/pages\/61\/revisions"}],"predecessor-version":[{"id":1671,"href":"https:\/\/kockverkstad.fi\/sv\/wp-json\/wp\/v2\/pages\/61\/revisions\/1671"}],"wp:attachment":[{"href":"https:\/\/kockverkstad.fi\/sv\/wp-json\/wp\/v2\/media?parent=61"}],"curies":[{"name":"wp","href":"https:\/\/api.w.org\/{rel}","templated":true}]}}