{"id":59,"date":"2026-02-16T08:09:00","date_gmt":"2026-02-16T08:09:00","guid":{"rendered":"https:\/\/kockverkstad.fi\/?page_id=59"},"modified":"2026-04-23T07:45:24","modified_gmt":"2026-04-23T07:45:24","slug":"hiekkapuhallus","status":"publish","type":"page","link":"https:\/\/kockverkstad.fi\/sv\/hiekkapuhallus\/","title":{"rendered":"Bl\u00e4string"},"content":{"rendered":"\t\t<div data-elementor-type=\"wp-page\" data-elementor-id=\"59\" class=\"elementor elementor-59\" data-elementor-post-type=\"page\">\n\t\t\t\t<div class=\"elementor-element elementor-element-59d2f814 e-flex e-con-boxed e-con e-parent\" data-id=\"59d2f814\" data-element_type=\"container\" data-e-type=\"container\" data-settings=\"{&quot;background_background&quot;:&quot;classic&quot;}\">\n\t\t\t\t\t<div class=\"e-con-inner\">\n\t\t\t\t\t<\/div>\n\t\t\t\t<\/div>\n\t\t<div class=\"elementor-element elementor-element-415f48a1 elementor-hidden-mobile e-flex e-con-boxed e-con e-parent\" data-id=\"415f48a1\" data-element_type=\"container\" data-e-type=\"container\" data-settings=\"{&quot;background_background&quot;:&quot;classic&quot;,&quot;sticky&quot;:&quot;top&quot;,&quot;sticky_offset&quot;:70,&quot;sticky_offset_tablet&quot;:60,&quot;sticky_on&quot;:[&quot;desktop&quot;,&quot;tablet&quot;,&quot;mobile&quot;],&quot;sticky_effects_offset&quot;:0,&quot;sticky_anchor_link_offset&quot;:0}\">\n\t\t\t\t\t<div class=\"e-con-inner\">\n\t\t\t\t<div class=\"elementor-element elementor-element-5186edab elementor-nav-menu__align-justify elementor-nav-menu--dropdown-none elementor-widget elementor-widget-global elementor-global-366 elementor-widget-nav-menu\" data-id=\"5186edab\" data-element_type=\"widget\" data-e-type=\"widget\" data-settings=\"{&quot;layout&quot;:&quot;horizontal&quot;,&quot;submenu_icon&quot;:{&quot;value&quot;:&quot;fas fa-caret-down&quot;,&quot;library&quot;:&quot;fa-solid&quot;}}\" data-widget_type=\"nav-menu.default\">\n\t\t\t\t\t\t\t\t<nav aria-label=\"Menu\" class=\"elementor-nav-menu--main elementor-nav-menu__container elementor-nav-menu--layout-horizontal e--pointer-none\">\n\t\t\t\t<ul id=\"menu-1-5186edab\" class=\"elementor-nav-menu\"><li class=\"menu-item menu-item-type-post_type menu-item-object-page menu-item-330\"><a href=\"https:\/\/kockverkstad.fi\/sv\/cnc-koneistus\/\" class=\"elementor-item menu-link\">CNC-koneistus<\/a><\/li>\n<li class=\"menu-item menu-item-type-post_type menu-item-object-page menu-item-332\"><a href=\"https:\/\/kockverkstad.fi\/sv\/cnc-sorvaus\/\" class=\"elementor-item menu-link\">CNC-sorvaus<\/a><\/li>\n<li class=\"menu-item menu-item-type-post_type menu-item-object-page menu-item-331\"><a href=\"https:\/\/kockverkstad.fi\/sv\/cnc-jyrsinta\/\" class=\"elementor-item menu-link\">CNC-jyrsint\u00e4<\/a><\/li>\n<li class=\"menu-item menu-item-type-post_type menu-item-object-page menu-item-333\"><a href=\"https:\/\/kockverkstad.fi\/sv\/laserleikkaus\/\" class=\"elementor-item menu-link\">Laserleikkaus<\/a><\/li>\n<li class=\"menu-item menu-item-type-post_type menu-item-object-page menu-item-329\"><a href=\"https:\/\/kockverkstad.fi\/sv\/sarmays\/\" class=\"elementor-item menu-link\">S\u00e4rm\u00e4ys<\/a><\/li>\n<li class=\"menu-item menu-item-type-post_type menu-item-object-page menu-item-335\"><a href=\"https:\/\/kockverkstad.fi\/sv\/hitsaus\/\" class=\"elementor-item menu-link\">Hitsaus<\/a><\/li>\n<li class=\"menu-item menu-item-type-post_type menu-item-object-page menu-item-328\"><a href=\"https:\/\/kockverkstad.fi\/sv\/hiekkapuhallus\/\" class=\"elementor-item menu-link\">Hiekkapuhallus<\/a><\/li>\n<li class=\"menu-item menu-item-type-post_type menu-item-object-page menu-item-336\"><a href=\"https:\/\/kockverkstad.fi\/sv\/pintakasittely\/\" class=\"elementor-item menu-link\">Pintak\u00e4sittely<\/a><\/li>\n<li class=\"menu-item menu-item-type-post_type menu-item-object-page menu-item-334\"><a href=\"https:\/\/kockverkstad.fi\/sv\/asennus\/\" class=\"elementor-item menu-link\">Asennus<\/a><\/li>\n<\/ul>\t\t\t<\/nav>\n\t\t\t\t\t\t<nav class=\"elementor-nav-menu--dropdown elementor-nav-menu__container\" aria-hidden=\"true\">\n\t\t\t\t<ul id=\"menu-2-5186edab\" class=\"elementor-nav-menu\"><li class=\"menu-item menu-item-type-post_type menu-item-object-page menu-item-330\"><a href=\"https:\/\/kockverkstad.fi\/sv\/cnc-koneistus\/\" class=\"elementor-item menu-link\" tabindex=\"-1\">CNC-koneistus<\/a><\/li>\n<li class=\"menu-item menu-item-type-post_type menu-item-object-page menu-item-332\"><a href=\"https:\/\/kockverkstad.fi\/sv\/cnc-sorvaus\/\" class=\"elementor-item menu-link\" tabindex=\"-1\">CNC-sorvaus<\/a><\/li>\n<li class=\"menu-item menu-item-type-post_type menu-item-object-page menu-item-331\"><a href=\"https:\/\/kockverkstad.fi\/sv\/cnc-jyrsinta\/\" class=\"elementor-item menu-link\" tabindex=\"-1\">CNC-jyrsint\u00e4<\/a><\/li>\n<li class=\"menu-item menu-item-type-post_type menu-item-object-page menu-item-333\"><a href=\"https:\/\/kockverkstad.fi\/sv\/laserleikkaus\/\" class=\"elementor-item menu-link\" tabindex=\"-1\">Laserleikkaus<\/a><\/li>\n<li class=\"menu-item menu-item-type-post_type menu-item-object-page menu-item-329\"><a href=\"https:\/\/kockverkstad.fi\/sv\/sarmays\/\" class=\"elementor-item menu-link\" tabindex=\"-1\">S\u00e4rm\u00e4ys<\/a><\/li>\n<li class=\"menu-item menu-item-type-post_type menu-item-object-page menu-item-335\"><a href=\"https:\/\/kockverkstad.fi\/sv\/hitsaus\/\" class=\"elementor-item menu-link\" tabindex=\"-1\">Hitsaus<\/a><\/li>\n<li class=\"menu-item menu-item-type-post_type menu-item-object-page menu-item-328\"><a href=\"https:\/\/kockverkstad.fi\/sv\/hiekkapuhallus\/\" class=\"elementor-item menu-link\" tabindex=\"-1\">Hiekkapuhallus<\/a><\/li>\n<li class=\"menu-item menu-item-type-post_type menu-item-object-page menu-item-336\"><a href=\"https:\/\/kockverkstad.fi\/sv\/pintakasittely\/\" class=\"elementor-item menu-link\" tabindex=\"-1\">Pintak\u00e4sittely<\/a><\/li>\n<li class=\"menu-item menu-item-type-post_type menu-item-object-page menu-item-334\"><a href=\"https:\/\/kockverkstad.fi\/sv\/asennus\/\" class=\"elementor-item menu-link\" tabindex=\"-1\">Asennus<\/a><\/li>\n<\/ul>\t\t\t<\/nav>\n\t\t\t\t\t\t<\/div>\n\t\t\t\t\t<\/div>\n\t\t\t\t<\/div>\n\t\t<div class=\"elementor-element elementor-element-360550e2 e-flex e-con-boxed e-con e-parent\" data-id=\"360550e2\" data-element_type=\"container\" data-e-type=\"container\" id=\"form\" data-settings=\"{&quot;background_background&quot;:&quot;classic&quot;}\">\n\t\t\t\t\t<div class=\"e-con-inner\">\n\t\t<div class=\"elementor-element elementor-element-3e838ab9 e-con-full e-flex e-con e-child\" data-id=\"3e838ab9\" data-element_type=\"container\" data-e-type=\"container\" data-settings=\"{&quot;background_background&quot;:&quot;classic&quot;}\">\n\t\t\t\t<div class=\"elementor-element elementor-element-31168db6 elementor-widget elementor-widget-heading\" data-id=\"31168db6\" data-element_type=\"widget\" data-e-type=\"widget\" data-widget_type=\"heading.default\">\n\t\t\t\t\t<h2 class=\"elementor-heading-title elementor-size-default\">Ter\u00e4ksen hiekkapuhallus teolliseen k\u00e4sittelyyn<\/h2>\t\t\t\t<\/div>\n\t\t\t\t<div class=\"elementor-element elementor-element-7ca435aa elementor-widget elementor-widget-text-editor\" data-id=\"7ca435aa\" data-element_type=\"widget\" data-e-type=\"widget\" data-widget_type=\"text-editor.default\">\n\t\t\t\t\t\t\t\t\t<div class=\"elementor-element elementor-element-bc3b09d elementor-widget elementor-widget-text-editor\" data-id=\"bc3b09d\" data-element_type=\"widget\" data-e-type=\"widget\" data-widget_type=\"text-editor.default\"><div class=\"elementor-widget-container\"><p>Kock Verkstad suorittaa ter\u00e4skomponenttien hiekkapuhallusta osana kokonaisvaltaista mekaanisen valmistuksen ratkaisua. K\u00e4yt\u00e4mme ter\u00e4skuulia ja k\u00e4sittelemme sek\u00e4 pieni\u00e4 ett\u00e4 suuria yksityiskohtia, joilta vaaditaan tasaista pintaa, hyv\u00e4\u00e4 tarttuvuutta ja toistettavaa laatua.<\/p><\/div><\/div><div class=\"elementor-element elementor-element-71dca39 elementor-widget elementor-widget-text-editor\" data-id=\"71dca39\" data-element_type=\"widget\" data-e-type=\"widget\" data-widget_type=\"text-editor.default\"><div class=\"elementor-widget-container\"><p>Voimme hiekkapuhaltaa ter\u00e4spalkkeja, joiden enimm\u00e4ismitat ovat 600 \u00d7 600 mm, sek\u00e4 putkia, joiden ulkohalkaisija on enint\u00e4\u00e4n 600 mm. Hiekkapuhallus suoritetaan suljetussa laitoksessa ter\u00e4skuulilla, ja se on optimoitu saavuttamaan puhdas pinta esimerkiksi maalausta, hitsausta tai muuta jatkok\u00e4sittely\u00e4 varten. Kapasiteettimme soveltuu sek\u00e4 yksitt\u00e4istuotantoon ett\u00e4 sarjoihin, joissa on toistuvia geometrioita.<\/p><\/div><\/div>\t\t\t\t\t\t\t\t<\/div>\n\t\t\t\t<div class=\"elementor-element elementor-element-59d33519 elementor-align-left elementor-widget elementor-widget-button\" data-id=\"59d33519\" data-element_type=\"widget\" data-e-type=\"widget\" data-widget_type=\"button.default\">\n\t\t\t\t\t\t\t\t\t\t<a class=\"elementor-button elementor-button-link elementor-size-sm\" href=\"#form\">\n\t\t\t\t\t\t<span class=\"elementor-button-content-wrapper\">\n\t\t\t\t\t\t\t\t\t<span class=\"elementor-button-text\">Ota yhteytt\u00e4<\/span>\n\t\t\t\t\t<\/span>\n\t\t\t\t\t<\/a>\n\t\t\t\t\t\t\t\t<\/div>\n\t\t\t\t<\/div>\n\t\t<div class=\"elementor-element elementor-element-56b711aa e-con-full e-flex e-con e-child\" data-id=\"56b711aa\" data-element_type=\"container\" data-e-type=\"container\" data-settings=\"{&quot;background_background&quot;:&quot;classic&quot;}\">\n\t\t\t\t<div class=\"elementor-element elementor-element-5c42b0f2 elementor-widget elementor-widget-text-editor\" data-id=\"5c42b0f2\" data-element_type=\"widget\" data-e-type=\"widget\" data-widget_type=\"text-editor.default\">\n\t\t\t\t\t\t\t\t\t<p>Oletko kiinnostunut? Ota yhteytt\u00e4, niin palaamme tarjouksen kanssa, joka on r\u00e4\u00e4t\u00e4l\u00f6ity piirustustesi, materiaalivaatimustesi ja halutun m\u00e4\u00e4r\u00e4n mukaan. Voit aina l\u00e4hett\u00e4\u00e4 s\u00e4hk\u00f6postia osoitteeseen <a class=\"decorated-link cursor-pointer\" rel=\"noopener\" data-start=\"255\" data-end=\"277\">office@kockverkstad.fi<\/a> tai soittaa numeroon <a href=\"http:\/\/+358 50 343 26 26\" data-wplink-url-error=\"true\">+358 50 343 26 26<\/a>.<\/p>\t\t\t\t\t\t\t\t<\/div>\n\t\t\t\t<div class=\"elementor-element elementor-element-2cb34845 elementor-button-align-stretch elementor-widget elementor-widget-form\" data-id=\"2cb34845\" data-element_type=\"widget\" data-e-type=\"widget\" data-settings=\"{&quot;step_next_label&quot;:&quot;Next&quot;,&quot;step_previous_label&quot;:&quot;Previous&quot;,&quot;button_width&quot;:&quot;100&quot;,&quot;step_type&quot;:&quot;number_text&quot;,&quot;step_icon_shape&quot;:&quot;circle&quot;}\" data-widget_type=\"form.default\">\n\t\t\t\t\t\t\t<form class=\"elementor-form\" method=\"post\" name=\"New Form\" aria-label=\"New Form\">\n\t\t\t<input type=\"hidden\" name=\"post_id\" value=\"59\"\/>\n\t\t\t<input type=\"hidden\" name=\"form_id\" value=\"2cb34845\"\/>\n\t\t\t<input type=\"hidden\" name=\"referer_title\" value=\"\" \/>\n\n\t\t\t\n\t\t\t<div class=\"elementor-form-fields-wrapper elementor-labels-\">\n\t\t\t\t\t\t\t\t<div class=\"elementor-field-type-text elementor-field-group elementor-column elementor-field-group-field_0238e49 elementor-col-50\">\n\t\t\t\t\t\t\t\t\t\t\t\t\t<input size=\"1\" type=\"text\" name=\"form_fields[field_0238e49]\" id=\"form-field-field_0238e49\" class=\"elementor-field elementor-size-sm  elementor-field-textual\">\n\t\t\t\t\t\t\t\t\t\t\t<\/div>\n\t\t\t\t\t\t\t\t<div class=\"elementor-field-type-text elementor-field-group elementor-column elementor-field-group-name elementor-col-50\">\n\t\t\t\t\t\t\t\t\t\t\t\t<label for=\"form-field-name\" class=\"elementor-field-label elementor-screen-only\">\n\t\t\t\t\t\t\t\tNamn\t\t\t\t\t\t\t<\/label>\n\t\t\t\t\t\t\t\t\t\t\t\t\t\t<input size=\"1\" type=\"text\" name=\"form_fields[name]\" id=\"form-field-name\" class=\"elementor-field elementor-size-sm  elementor-field-textual\" placeholder=\"Namn\">\n\t\t\t\t\t\t\t\t\t\t\t<\/div>\n\t\t\t\t\t\t\t\t<div class=\"elementor-field-type-email elementor-field-group elementor-column elementor-field-group-email elementor-col-50 elementor-field-required\">\n\t\t\t\t\t\t\t\t\t\t\t\t<label for=\"form-field-email\" class=\"elementor-field-label elementor-screen-only\">\n\t\t\t\t\t\t\t\tE-post\t\t\t\t\t\t\t<\/label>\n\t\t\t\t\t\t\t\t\t\t\t\t\t\t<input size=\"1\" type=\"email\" name=\"form_fields[email]\" id=\"form-field-email\" class=\"elementor-field elementor-size-sm  elementor-field-textual\" placeholder=\"E-post\" required=\"required\">\n\t\t\t\t\t\t\t\t\t\t\t<\/div>\n\t\t\t\t\t\t\t\t<div class=\"elementor-field-type-text elementor-field-group elementor-column elementor-field-group-field_44afc7a elementor-col-50\">\n\t\t\t\t\t\t\t\t\t\t\t\t<label for=\"form-field-field_44afc7a\" class=\"elementor-field-label elementor-screen-only\">\n\t\t\t\t\t\t\t\tTelefonnummer\t\t\t\t\t\t\t<\/label>\n\t\t\t\t\t\t\t\t\t\t\t\t\t\t<input size=\"1\" type=\"text\" name=\"form_fields[field_44afc7a]\" id=\"form-field-field_44afc7a\" class=\"elementor-field elementor-size-sm  elementor-field-textual\" placeholder=\"Telefonnummer\">\n\t\t\t\t\t\t\t\t\t\t\t<\/div>\n\t\t\t\t\t\t\t\t<div class=\"elementor-field-type-textarea elementor-field-group elementor-column elementor-field-group-message elementor-col-100\">\n\t\t\t\t\t\t\t\t\t\t\t\t<label for=\"form-field-message\" class=\"elementor-field-label elementor-screen-only\">\n\t\t\t\t\t\t\t\tMeddelande\t\t\t\t\t\t\t<\/label>\n\t\t\t\t\t\t<textarea class=\"elementor-field-textual elementor-field  elementor-size-sm\" name=\"form_fields[message]\" id=\"form-field-message\" rows=\"2\" placeholder=\"Meddelande\"><\/textarea>\t\t\t\t<\/div>\n\t\t\t\t\t\t\t\t<div class=\"elementor-field-group elementor-column elementor-field-type-submit elementor-col-100 e-form__buttons\">\n\t\t\t\t\t<button class=\"elementor-button elementor-size-sm\" type=\"submit\">\n\t\t\t\t\t\t<span class=\"elementor-button-content-wrapper\">\n\t\t\t\t\t\t\t\t\t\t\t\t\t\t\t\t\t\t\t\t\t\t<span class=\"elementor-button-text\">Skicka<\/span>\n\t\t\t\t\t\t\t\t\t\t\t\t\t<\/span>\n\t\t\t\t\t<\/button>\n\t\t\t\t<\/div>\n\t\t\t<\/div>\n\t\t<\/form>\n\t\t\t\t\t\t<\/div>\n\t\t\t\t<\/div>\n\t\t\t\t\t<\/div>\n\t\t\t\t<\/div>\n\t\t<div class=\"elementor-element elementor-element-7ec4a3cc e-flex e-con-boxed e-con e-parent\" data-id=\"7ec4a3cc\" data-element_type=\"container\" data-e-type=\"container\" data-settings=\"{&quot;background_background&quot;:&quot;classic&quot;}\">\n\t\t\t\t\t<div class=\"e-con-inner\">\n\t\t<div class=\"elementor-element elementor-element-144805fa e-con-full e-flex e-con e-child\" data-id=\"144805fa\" data-element_type=\"container\" data-e-type=\"container\" data-settings=\"{&quot;background_background&quot;:&quot;classic&quot;}\">\n\t\t\t\t<div class=\"elementor-element elementor-element-225853e1 elementor-widget elementor-widget-heading\" data-id=\"225853e1\" data-element_type=\"widget\" data-e-type=\"widget\" data-widget_type=\"heading.default\">\n\t\t\t\t\t<h2 class=\"elementor-heading-title elementor-size-default\">Laatu ja toistettavuus\n\n\n<\/h2>\t\t\t\t<\/div>\n\t\t\t\t<div class=\"elementor-element elementor-element-64c2bed2 elementor-widget elementor-widget-text-editor\" data-id=\"64c2bed2\" data-element_type=\"widget\" data-e-type=\"widget\" data-widget_type=\"text-editor.default\">\n\t\t\t\t\t\t\t\t\t<p>Hiekkapuhallus on ratkaiseva vaihe tarttuvuuden parantamisessa, oksidin poistamisessa ja puhtaiden pintojen varmistamisessa. Ty\u00f6tapamme perustuu tarkkaan prosessinhallintaan ja oikean puhallusmateriaalin valintaan kuhunkin k\u00e4ytt\u00f6tarkoitukseen. Laitteistomme ja osaamisemme takaavat tasaisen pintalaadun ja kest\u00e4v\u00e4t olosuhteet seuraavia k\u00e4sittelyvaiheita varten.<\/p><p>Toimimme sertifioitujen prosessien mukaisesti, joissa hiekkapuhallus on valvottu osa. Kaikki ty\u00f6vaiheet noudattavat ISO 9001 -standardeihin liittyvi\u00e4 menettelyj\u00e4. T\u00e4m\u00e4 varmistaa, ett\u00e4 pintalaatu on tasainen ja t\u00e4ytt\u00e4\u00e4 tekniset vaatimukset jatkok\u00e4sittely\u00e4 varten.<\/p>\t\t\t\t\t\t\t\t<\/div>\n\t\t\t\t<div class=\"elementor-element elementor-element-3f822568 elementor-align-left elementor-widget elementor-widget-button\" data-id=\"3f822568\" data-element_type=\"widget\" data-e-type=\"widget\" data-widget_type=\"button.default\">\n\t\t\t\t\t\t\t\t\t\t<a class=\"elementor-button elementor-button-link elementor-size-sm\" href=\"#form\">\n\t\t\t\t\t\t<span class=\"elementor-button-content-wrapper\">\n\t\t\t\t\t\t\t\t\t<span class=\"elementor-button-text\">Ota yhteytt\u00e4<\/span>\n\t\t\t\t\t<\/span>\n\t\t\t\t\t<\/a>\n\t\t\t\t\t\t\t\t<\/div>\n\t\t\t\t<\/div>\n\t\t<div class=\"elementor-element elementor-element-306c3f60 e-con-full e-flex e-con e-child\" data-id=\"306c3f60\" data-element_type=\"container\" data-e-type=\"container\" data-settings=\"{&quot;background_background&quot;:&quot;classic&quot;}\">\n\t\t\t\t<div class=\"elementor-element elementor-element-74925f85 elementor-widget elementor-widget-image\" data-id=\"74925f85\" data-element_type=\"widget\" data-e-type=\"widget\" data-widget_type=\"image.default\">\n\t\t\t\t\t\t\t\t\t\t\t\t\t\t\t<img fetchpriority=\"high\" decoding=\"async\" width=\"1500\" height=\"1000\" src=\"https:\/\/kockverkstad.fi\/wp-content\/uploads\/2026\/02\/Kockverkstad2026-web-128.jpg\" class=\"attachment-full size-full wp-image-1354\" alt=\"\" srcset=\"https:\/\/kockverkstad.fi\/wp-content\/uploads\/2026\/02\/Kockverkstad2026-web-128.jpg 1500w, https:\/\/kockverkstad.fi\/wp-content\/uploads\/2026\/02\/Kockverkstad2026-web-128-300x200.jpg 300w, https:\/\/kockverkstad.fi\/wp-content\/uploads\/2026\/02\/Kockverkstad2026-web-128-1024x683.jpg 1024w, https:\/\/kockverkstad.fi\/wp-content\/uploads\/2026\/02\/Kockverkstad2026-web-128-768x512.jpg 768w, https:\/\/kockverkstad.fi\/wp-content\/uploads\/2026\/02\/Kockverkstad2026-web-128-18x12.jpg 18w\" sizes=\"(max-width: 1500px) 100vw, 1500px\" \/>\t\t\t\t\t\t\t\t\t\t\t\t\t\t\t<\/div>\n\t\t\t\t<\/div>\n\t\t\t\t\t<\/div>\n\t\t\t\t<\/div>\n\t\t<div class=\"elementor-element elementor-element-2b162c12 e-flex e-con-boxed e-con e-parent\" data-id=\"2b162c12\" data-element_type=\"container\" data-e-type=\"container\" data-settings=\"{&quot;background_background&quot;:&quot;classic&quot;}\">\n\t\t\t\t\t<div class=\"e-con-inner\">\n\t\t<div class=\"elementor-element elementor-element-4097a531 e-con-full e-flex e-con e-child\" data-id=\"4097a531\" data-element_type=\"container\" data-e-type=\"container\" data-settings=\"{&quot;background_background&quot;:&quot;classic&quot;}\">\n\t\t\t\t<div class=\"elementor-element elementor-element-240d0d8f elementor-widget elementor-widget-heading\" data-id=\"240d0d8f\" data-element_type=\"widget\" data-e-type=\"widget\" data-widget_type=\"heading.default\">\n\t\t\t\t\t<h2 class=\"elementor-heading-title elementor-size-default\">Hiekkapuhallus integroituna tuotantoprosessiin\n<\/h2>\t\t\t\t<\/div>\n\t\t\t\t<div class=\"elementor-element elementor-element-5c5c3de5 elementor-widget elementor-widget-text-editor\" data-id=\"5c5c3de5\" data-element_type=\"widget\" data-e-type=\"widget\" data-widget_type=\"text-editor.default\">\n\t\t\t\t\t\t\t\t\t<p>Hiekkapuhallus on integroitu valmistusketjuihimme, mik\u00e4 mahdollistaa tehokkaan k\u00e4sittelyn ilman ulkoisia toimittajia. Yhdist\u00e4mme hiekkapuhalluksen CNC-koneistukseen, hitsaukseen, kokoonpanoon ja pintak\u00e4sittelyyn omassa tuotannossamme. T\u00e4m\u00e4 tarkoittaa v\u00e4hemm\u00e4n v\u00e4lik\u00e4si\u00e4 ja lyhyempi\u00e4 l\u00e4pimenoaikoja valmiiden ter\u00e4skomponenttien valmistuksessa.<\/p>\t\t\t\t\t\t\t\t<\/div>\n\t\t\t\t<div class=\"elementor-element elementor-element-e1eabc7 elementor-align-left elementor-widget elementor-widget-button\" data-id=\"e1eabc7\" data-element_type=\"widget\" data-e-type=\"widget\" data-widget_type=\"button.default\">\n\t\t\t\t\t\t\t\t\t\t<a class=\"elementor-button elementor-button-link elementor-size-sm\" href=\"#form\">\n\t\t\t\t\t\t<span class=\"elementor-button-content-wrapper\">\n\t\t\t\t\t\t\t\t\t<span class=\"elementor-button-text\">Ota yhteytt\u00e4<\/span>\n\t\t\t\t\t<\/span>\n\t\t\t\t\t<\/a>\n\t\t\t\t\t\t\t\t<\/div>\n\t\t\t\t<\/div>\n\t\t<div class=\"elementor-element elementor-element-1e0697db e-con-full e-flex e-con e-child\" data-id=\"1e0697db\" data-element_type=\"container\" data-e-type=\"container\" data-settings=\"{&quot;background_background&quot;:&quot;classic&quot;}\">\n\t\t\t\t<div class=\"elementor-element elementor-element-7d8895e0 elementor-widget elementor-widget-image\" data-id=\"7d8895e0\" data-element_type=\"widget\" data-e-type=\"widget\" data-widget_type=\"image.default\">\n\t\t\t\t\t\t\t\t\t\t\t\t\t\t\t<img decoding=\"async\" width=\"1500\" height=\"1000\" src=\"https:\/\/kockverkstad.fi\/wp-content\/uploads\/2026\/02\/Kockverkstad2026-web-74.jpg\" class=\"attachment-full size-full wp-image-1300\" alt=\"\" srcset=\"https:\/\/kockverkstad.fi\/wp-content\/uploads\/2026\/02\/Kockverkstad2026-web-74.jpg 1500w, https:\/\/kockverkstad.fi\/wp-content\/uploads\/2026\/02\/Kockverkstad2026-web-74-300x200.jpg 300w, https:\/\/kockverkstad.fi\/wp-content\/uploads\/2026\/02\/Kockverkstad2026-web-74-1024x683.jpg 1024w, https:\/\/kockverkstad.fi\/wp-content\/uploads\/2026\/02\/Kockverkstad2026-web-74-768x512.jpg 768w, https:\/\/kockverkstad.fi\/wp-content\/uploads\/2026\/02\/Kockverkstad2026-web-74-18x12.jpg 18w\" sizes=\"(max-width: 1500px) 100vw, 1500px\" \/>\t\t\t\t\t\t\t\t\t\t\t\t\t\t\t<\/div>\n\t\t\t\t<\/div>\n\t\t\t\t\t<\/div>\n\t\t\t\t<\/div>\n\t\t\t\t<\/div>\n\t\t","protected":false},"excerpt":{"rendered":"<p>Ter\u00e4ksen hiekkapuhallus teolliseen k\u00e4sittelyyn Kock Verkstad suorittaa ter\u00e4skomponenttien hiekkapuhallusta osana kokonaisvaltaista mekaanisen valmistuksen ratkaisua. K\u00e4yt\u00e4mme ter\u00e4skuulia ja k\u00e4sittelemme sek\u00e4 pieni\u00e4 [&hellip;]<\/p>\n","protected":false},"author":1,"featured_media":0,"parent":0,"menu_order":0,"comment_status":"closed","ping_status":"closed","template":"","meta":{"site-sidebar-layout":"no-sidebar","site-content-layout":"","ast-site-content-layout":"full-width-container","site-content-style":"default","site-sidebar-style":"default","ast-global-header-display":"","ast-banner-title-visibility":"","ast-main-header-display":"","ast-hfb-above-header-display":"","ast-hfb-below-header-display":"","ast-hfb-mobile-header-display":"","site-post-title":"disabled","ast-breadcrumbs-content":"","ast-featured-img":"disabled","footer-sml-layout":"","ast-disable-related-posts":"","theme-transparent-header-meta":"","adv-header-id-meta":"","stick-header-meta":"","header-above-stick-meta":"","header-main-stick-meta":"","header-below-stick-meta":"","astra-migrate-meta-layouts":"default","ast-page-background-enabled":"default","ast-page-background-meta":{"desktop":{"background-color":"var(--ast-global-color-5)","background-image":"","background-repeat":"repeat","background-position":"center center","background-size":"auto","background-attachment":"scroll","background-type":"","background-media":"","overlay-type":"","overlay-color":"","overlay-opacity":"","overlay-gradient":""},"tablet":{"background-color":"","background-image":"","background-repeat":"repeat","background-position":"center center","background-size":"auto","background-attachment":"scroll","background-type":"","background-media":"","overlay-type":"","overlay-color":"","overlay-opacity":"","overlay-gradient":""},"mobile":{"background-color":"","background-image":"","background-repeat":"repeat","background-position":"center center","background-size":"auto","background-attachment":"scroll","background-type":"","background-media":"","overlay-type":"","overlay-color":"","overlay-opacity":"","overlay-gradient":""}},"ast-content-background-meta":{"desktop":{"background-color":"var(--ast-global-color-4)","background-image":"","background-repeat":"repeat","background-position":"center center","background-size":"auto","background-attachment":"scroll","background-type":"","background-media":"","overlay-type":"","overlay-color":"","overlay-opacity":"","overlay-gradient":""},"tablet":{"background-color":"var(--ast-global-color-4)","background-image":"","background-repeat":"repeat","background-position":"center center","background-size":"auto","background-attachment":"scroll","background-type":"","background-media":"","overlay-type":"","overlay-color":"","overlay-opacity":"","overlay-gradient":""},"mobile":{"background-color":"var(--ast-global-color-4)","background-image":"","background-repeat":"repeat","background-position":"center center","background-size":"auto","background-attachment":"scroll","background-type":"","background-media":"","overlay-type":"","overlay-color":"","overlay-opacity":"","overlay-gradient":""}},"footnotes":""},"class_list":["post-59","page","type-page","status-publish","hentry"],"_links":{"self":[{"href":"https:\/\/kockverkstad.fi\/sv\/wp-json\/wp\/v2\/pages\/59","targetHints":{"allow":["GET"]}}],"collection":[{"href":"https:\/\/kockverkstad.fi\/sv\/wp-json\/wp\/v2\/pages"}],"about":[{"href":"https:\/\/kockverkstad.fi\/sv\/wp-json\/wp\/v2\/types\/page"}],"author":[{"embeddable":true,"href":"https:\/\/kockverkstad.fi\/sv\/wp-json\/wp\/v2\/users\/1"}],"replies":[{"embeddable":true,"href":"https:\/\/kockverkstad.fi\/sv\/wp-json\/wp\/v2\/comments?post=59"}],"version-history":[{"count":23,"href":"https:\/\/kockverkstad.fi\/sv\/wp-json\/wp\/v2\/pages\/59\/revisions"}],"predecessor-version":[{"id":1677,"href":"https:\/\/kockverkstad.fi\/sv\/wp-json\/wp\/v2\/pages\/59\/revisions\/1677"}],"wp:attachment":[{"href":"https:\/\/kockverkstad.fi\/sv\/wp-json\/wp\/v2\/media?parent=59"}],"curies":[{"name":"wp","href":"https:\/\/api.w.org\/{rel}","templated":true}]}}