{"id":58,"date":"2026-02-16T08:09:00","date_gmt":"2026-02-16T08:09:00","guid":{"rendered":"https:\/\/kockverkstad.fi\/?page_id=58"},"modified":"2026-04-23T07:44:44","modified_gmt":"2026-04-23T07:44:44","slug":"laserleikkaus","status":"publish","type":"page","link":"https:\/\/kockverkstad.fi\/sv\/laserleikkaus\/","title":{"rendered":"Lasersk\u00e4rning"},"content":{"rendered":"\t\t<div data-elementor-type=\"wp-page\" data-elementor-id=\"58\" class=\"elementor elementor-58\" data-elementor-post-type=\"page\">\n\t\t\t\t<div class=\"elementor-element elementor-element-7fd1094e e-flex e-con-boxed e-con e-parent\" data-id=\"7fd1094e\" data-element_type=\"container\" data-e-type=\"container\" data-settings=\"{&quot;background_background&quot;:&quot;classic&quot;}\">\n\t\t\t\t\t<div class=\"e-con-inner\">\n\t\t\t\t\t<\/div>\n\t\t\t\t<\/div>\n\t\t<div class=\"elementor-element elementor-element-7f167243 elementor-hidden-mobile e-flex e-con-boxed e-con e-parent\" data-id=\"7f167243\" data-element_type=\"container\" data-e-type=\"container\" data-settings=\"{&quot;background_background&quot;:&quot;classic&quot;,&quot;sticky&quot;:&quot;top&quot;,&quot;sticky_offset&quot;:70,&quot;sticky_offset_tablet&quot;:60,&quot;sticky_on&quot;:[&quot;desktop&quot;,&quot;tablet&quot;,&quot;mobile&quot;],&quot;sticky_effects_offset&quot;:0,&quot;sticky_anchor_link_offset&quot;:0}\">\n\t\t\t\t\t<div class=\"e-con-inner\">\n\t\t\t\t<div class=\"elementor-element elementor-element-6a00ae3a elementor-nav-menu__align-justify elementor-nav-menu--dropdown-none elementor-widget elementor-widget-global elementor-global-366 elementor-widget-nav-menu\" data-id=\"6a00ae3a\" data-element_type=\"widget\" data-e-type=\"widget\" data-settings=\"{&quot;layout&quot;:&quot;horizontal&quot;,&quot;submenu_icon&quot;:{&quot;value&quot;:&quot;fas fa-caret-down&quot;,&quot;library&quot;:&quot;fa-solid&quot;}}\" data-widget_type=\"nav-menu.default\">\n\t\t\t\t\t\t\t\t<nav aria-label=\"Menu\" class=\"elementor-nav-menu--main elementor-nav-menu__container elementor-nav-menu--layout-horizontal e--pointer-none\">\n\t\t\t\t<ul id=\"menu-1-6a00ae3a\" class=\"elementor-nav-menu\"><li class=\"menu-item menu-item-type-post_type menu-item-object-page menu-item-330\"><a href=\"https:\/\/kockverkstad.fi\/sv\/cnc-koneistus\/\" class=\"elementor-item menu-link\">CNC-koneistus<\/a><\/li>\n<li class=\"menu-item menu-item-type-post_type menu-item-object-page menu-item-332\"><a href=\"https:\/\/kockverkstad.fi\/sv\/cnc-sorvaus\/\" class=\"elementor-item menu-link\">CNC-sorvaus<\/a><\/li>\n<li class=\"menu-item menu-item-type-post_type menu-item-object-page menu-item-331\"><a href=\"https:\/\/kockverkstad.fi\/sv\/cnc-jyrsinta\/\" class=\"elementor-item menu-link\">CNC-jyrsint\u00e4<\/a><\/li>\n<li class=\"menu-item menu-item-type-post_type menu-item-object-page menu-item-333\"><a href=\"https:\/\/kockverkstad.fi\/sv\/laserleikkaus\/\" class=\"elementor-item menu-link\">Laserleikkaus<\/a><\/li>\n<li class=\"menu-item menu-item-type-post_type menu-item-object-page menu-item-329\"><a href=\"https:\/\/kockverkstad.fi\/sv\/sarmays\/\" class=\"elementor-item menu-link\">S\u00e4rm\u00e4ys<\/a><\/li>\n<li class=\"menu-item menu-item-type-post_type menu-item-object-page menu-item-335\"><a href=\"https:\/\/kockverkstad.fi\/sv\/hitsaus\/\" class=\"elementor-item menu-link\">Hitsaus<\/a><\/li>\n<li class=\"menu-item menu-item-type-post_type menu-item-object-page menu-item-328\"><a href=\"https:\/\/kockverkstad.fi\/sv\/hiekkapuhallus\/\" class=\"elementor-item menu-link\">Hiekkapuhallus<\/a><\/li>\n<li class=\"menu-item menu-item-type-post_type menu-item-object-page menu-item-336\"><a href=\"https:\/\/kockverkstad.fi\/sv\/pintakasittely\/\" class=\"elementor-item menu-link\">Pintak\u00e4sittely<\/a><\/li>\n<li class=\"menu-item menu-item-type-post_type menu-item-object-page menu-item-334\"><a href=\"https:\/\/kockverkstad.fi\/sv\/asennus\/\" class=\"elementor-item menu-link\">Asennus<\/a><\/li>\n<\/ul>\t\t\t<\/nav>\n\t\t\t\t\t\t<nav class=\"elementor-nav-menu--dropdown elementor-nav-menu__container\" aria-hidden=\"true\">\n\t\t\t\t<ul id=\"menu-2-6a00ae3a\" class=\"elementor-nav-menu\"><li class=\"menu-item menu-item-type-post_type menu-item-object-page menu-item-330\"><a href=\"https:\/\/kockverkstad.fi\/sv\/cnc-koneistus\/\" class=\"elementor-item menu-link\" tabindex=\"-1\">CNC-koneistus<\/a><\/li>\n<li class=\"menu-item menu-item-type-post_type menu-item-object-page menu-item-332\"><a href=\"https:\/\/kockverkstad.fi\/sv\/cnc-sorvaus\/\" class=\"elementor-item menu-link\" tabindex=\"-1\">CNC-sorvaus<\/a><\/li>\n<li class=\"menu-item menu-item-type-post_type menu-item-object-page menu-item-331\"><a href=\"https:\/\/kockverkstad.fi\/sv\/cnc-jyrsinta\/\" class=\"elementor-item menu-link\" tabindex=\"-1\">CNC-jyrsint\u00e4<\/a><\/li>\n<li class=\"menu-item menu-item-type-post_type menu-item-object-page menu-item-333\"><a href=\"https:\/\/kockverkstad.fi\/sv\/laserleikkaus\/\" class=\"elementor-item menu-link\" tabindex=\"-1\">Laserleikkaus<\/a><\/li>\n<li class=\"menu-item menu-item-type-post_type menu-item-object-page menu-item-329\"><a href=\"https:\/\/kockverkstad.fi\/sv\/sarmays\/\" class=\"elementor-item menu-link\" tabindex=\"-1\">S\u00e4rm\u00e4ys<\/a><\/li>\n<li class=\"menu-item menu-item-type-post_type menu-item-object-page menu-item-335\"><a href=\"https:\/\/kockverkstad.fi\/sv\/hitsaus\/\" class=\"elementor-item menu-link\" tabindex=\"-1\">Hitsaus<\/a><\/li>\n<li class=\"menu-item menu-item-type-post_type menu-item-object-page menu-item-328\"><a href=\"https:\/\/kockverkstad.fi\/sv\/hiekkapuhallus\/\" class=\"elementor-item menu-link\" tabindex=\"-1\">Hiekkapuhallus<\/a><\/li>\n<li class=\"menu-item menu-item-type-post_type menu-item-object-page menu-item-336\"><a href=\"https:\/\/kockverkstad.fi\/sv\/pintakasittely\/\" class=\"elementor-item menu-link\" tabindex=\"-1\">Pintak\u00e4sittely<\/a><\/li>\n<li class=\"menu-item menu-item-type-post_type menu-item-object-page menu-item-334\"><a href=\"https:\/\/kockverkstad.fi\/sv\/asennus\/\" class=\"elementor-item menu-link\" tabindex=\"-1\">Asennus<\/a><\/li>\n<\/ul>\t\t\t<\/nav>\n\t\t\t\t\t\t<\/div>\n\t\t\t\t\t<\/div>\n\t\t\t\t<\/div>\n\t\t<div class=\"elementor-element elementor-element-1b8425a e-flex e-con-boxed e-con e-parent\" data-id=\"1b8425a\" data-element_type=\"container\" data-e-type=\"container\" id=\"form\" data-settings=\"{&quot;background_background&quot;:&quot;classic&quot;}\">\n\t\t\t\t\t<div class=\"e-con-inner\">\n\t\t<div class=\"elementor-element elementor-element-7fee87f3 e-con-full e-flex e-con e-child\" data-id=\"7fee87f3\" data-element_type=\"container\" data-e-type=\"container\" data-settings=\"{&quot;background_background&quot;:&quot;classic&quot;}\">\n\t\t\t\t<div class=\"elementor-element elementor-element-3e7a910a elementor-widget elementor-widget-heading\" data-id=\"3e7a910a\" data-element_type=\"widget\" data-e-type=\"widget\" data-widget_type=\"heading.default\">\n\t\t\t\t\t<h2 class=\"elementor-heading-title elementor-size-default\">Laserleikkaus tarkasti\n<\/h2>\t\t\t\t<\/div>\n\t\t\t\t<div class=\"elementor-element elementor-element-494e8d23 elementor-widget elementor-widget-text-editor\" data-id=\"494e8d23\" data-element_type=\"widget\" data-e-type=\"widget\" data-widget_type=\"text-editor.default\">\n\t\t\t\t\t\t\t\t\t<p>Edistyksellisell\u00e4 ja automatisoidulla konepuistolla tarjoamme metallilevyjen laserleikkausta useista eri materiaaleista \u2013 pehme\u00e4st\u00e4 ter\u00e4ksest\u00e4, ruostumattomasta ter\u00e4ksest\u00e4 ja alumiinista. Olemme ilmeinen valinta niille, jotka etsiv\u00e4t luotettavaa kumppania teolliseen laserleikkaukseen Suomesta.<\/p><p>Tarjoamme laserleikkausta AMADA LC 3015 F1 NT 4kW:lla, joka on varustettu t\u00e4ysautomaattisella AS LUL 300 F1 ja 2nd Output Station -automaatioj\u00e4rjestelm\u00e4ll\u00e4. T\u00e4m\u00e4 tarkoittaa, ett\u00e4 voimme tuottaa nopeita, tarkkoja ja kustannustehokkaita leikkauksia minimaalisella materiaalihukkaa ja korkealla toistettavuudella \u2013 t\u00e4ydellinen sarjatuotantoon ja monimutkaisiin geometrioihin.<\/p>\t\t\t\t\t\t\t\t<\/div>\n\t\t\t\t<div class=\"elementor-element elementor-element-6c1bcdda elementor-align-left elementor-widget elementor-widget-button\" data-id=\"6c1bcdda\" data-element_type=\"widget\" data-e-type=\"widget\" data-widget_type=\"button.default\">\n\t\t\t\t\t\t\t\t\t\t<a class=\"elementor-button elementor-button-link elementor-size-sm\" href=\"#form\">\n\t\t\t\t\t\t<span class=\"elementor-button-content-wrapper\">\n\t\t\t\t\t\t\t\t\t<span class=\"elementor-button-text\">Ota yhteytt\u00e4<\/span>\n\t\t\t\t\t<\/span>\n\t\t\t\t\t<\/a>\n\t\t\t\t\t\t\t\t<\/div>\n\t\t\t\t<\/div>\n\t\t<div class=\"elementor-element elementor-element-4d389238 e-con-full e-flex e-con e-child\" data-id=\"4d389238\" data-element_type=\"container\" data-e-type=\"container\" data-settings=\"{&quot;background_background&quot;:&quot;classic&quot;}\">\n\t\t\t\t<div class=\"elementor-element elementor-element-7eef962 elementor-widget elementor-widget-text-editor\" data-id=\"7eef962\" data-element_type=\"widget\" data-e-type=\"widget\" data-widget_type=\"text-editor.default\">\n\t\t\t\t\t\t\t\t\t<p>Oletko kiinnostunut? Ota yhteytt\u00e4, niin palaamme tarjouksen kanssa, joka on r\u00e4\u00e4t\u00e4l\u00f6ity piirustustesi, materiaalivaatimustesi ja halutun m\u00e4\u00e4r\u00e4n mukaan. Voit aina l\u00e4hett\u00e4\u00e4 s\u00e4hk\u00f6postia osoitteeseen <a class=\"decorated-link cursor-pointer\" rel=\"noopener\" data-start=\"255\" data-end=\"277\">office@kockverkstad.fi<\/a> tai soittaa numeroon <a href=\"http:\/\/+358 50 343 26 26\" data-wplink-url-error=\"true\">+358 50 343 26 26<\/a>.<\/p>\t\t\t\t\t\t\t\t<\/div>\n\t\t\t\t<div class=\"elementor-element elementor-element-68fc371b elementor-button-align-stretch elementor-widget elementor-widget-form\" data-id=\"68fc371b\" data-element_type=\"widget\" data-e-type=\"widget\" data-settings=\"{&quot;step_next_label&quot;:&quot;Next&quot;,&quot;step_previous_label&quot;:&quot;Previous&quot;,&quot;button_width&quot;:&quot;100&quot;,&quot;step_type&quot;:&quot;number_text&quot;,&quot;step_icon_shape&quot;:&quot;circle&quot;}\" data-widget_type=\"form.default\">\n\t\t\t\t\t\t\t<form class=\"elementor-form\" method=\"post\" name=\"New Form\" aria-label=\"New Form\">\n\t\t\t<input type=\"hidden\" name=\"post_id\" value=\"58\"\/>\n\t\t\t<input type=\"hidden\" name=\"form_id\" value=\"68fc371b\"\/>\n\t\t\t<input type=\"hidden\" name=\"referer_title\" value=\"\" \/>\n\n\t\t\t\n\t\t\t<div class=\"elementor-form-fields-wrapper elementor-labels-\">\n\t\t\t\t\t\t\t\t<div class=\"elementor-field-type-text elementor-field-group elementor-column elementor-field-group-field_0238e49 elementor-col-50\">\n\t\t\t\t\t\t\t\t\t\t\t\t\t<input size=\"1\" type=\"text\" name=\"form_fields[field_0238e49]\" id=\"form-field-field_0238e49\" class=\"elementor-field elementor-size-sm  elementor-field-textual\">\n\t\t\t\t\t\t\t\t\t\t\t<\/div>\n\t\t\t\t\t\t\t\t<div class=\"elementor-field-type-text elementor-field-group elementor-column elementor-field-group-name elementor-col-50\">\n\t\t\t\t\t\t\t\t\t\t\t\t<label for=\"form-field-name\" class=\"elementor-field-label elementor-screen-only\">\n\t\t\t\t\t\t\t\tNamn\t\t\t\t\t\t\t<\/label>\n\t\t\t\t\t\t\t\t\t\t\t\t\t\t<input size=\"1\" type=\"text\" name=\"form_fields[name]\" id=\"form-field-name\" class=\"elementor-field elementor-size-sm  elementor-field-textual\" placeholder=\"Namn\">\n\t\t\t\t\t\t\t\t\t\t\t<\/div>\n\t\t\t\t\t\t\t\t<div class=\"elementor-field-type-email elementor-field-group elementor-column elementor-field-group-email elementor-col-50 elementor-field-required\">\n\t\t\t\t\t\t\t\t\t\t\t\t<label for=\"form-field-email\" class=\"elementor-field-label elementor-screen-only\">\n\t\t\t\t\t\t\t\tE-post\t\t\t\t\t\t\t<\/label>\n\t\t\t\t\t\t\t\t\t\t\t\t\t\t<input size=\"1\" type=\"email\" name=\"form_fields[email]\" id=\"form-field-email\" class=\"elementor-field elementor-size-sm  elementor-field-textual\" placeholder=\"E-post\" required=\"required\">\n\t\t\t\t\t\t\t\t\t\t\t<\/div>\n\t\t\t\t\t\t\t\t<div class=\"elementor-field-type-text elementor-field-group elementor-column elementor-field-group-field_44afc7a elementor-col-50\">\n\t\t\t\t\t\t\t\t\t\t\t\t<label for=\"form-field-field_44afc7a\" class=\"elementor-field-label elementor-screen-only\">\n\t\t\t\t\t\t\t\tTelefonnummer\t\t\t\t\t\t\t<\/label>\n\t\t\t\t\t\t\t\t\t\t\t\t\t\t<input size=\"1\" type=\"text\" name=\"form_fields[field_44afc7a]\" id=\"form-field-field_44afc7a\" class=\"elementor-field elementor-size-sm  elementor-field-textual\" placeholder=\"Telefonnummer\">\n\t\t\t\t\t\t\t\t\t\t\t<\/div>\n\t\t\t\t\t\t\t\t<div class=\"elementor-field-type-textarea elementor-field-group elementor-column elementor-field-group-message elementor-col-100\">\n\t\t\t\t\t\t\t\t\t\t\t\t<label for=\"form-field-message\" class=\"elementor-field-label elementor-screen-only\">\n\t\t\t\t\t\t\t\tMeddelande\t\t\t\t\t\t\t<\/label>\n\t\t\t\t\t\t<textarea class=\"elementor-field-textual elementor-field  elementor-size-sm\" name=\"form_fields[message]\" id=\"form-field-message\" rows=\"2\" placeholder=\"Meddelande\"><\/textarea>\t\t\t\t<\/div>\n\t\t\t\t\t\t\t\t<div class=\"elementor-field-group elementor-column elementor-field-type-submit elementor-col-100 e-form__buttons\">\n\t\t\t\t\t<button class=\"elementor-button elementor-size-sm\" type=\"submit\">\n\t\t\t\t\t\t<span class=\"elementor-button-content-wrapper\">\n\t\t\t\t\t\t\t\t\t\t\t\t\t\t\t\t\t\t\t\t\t\t<span class=\"elementor-button-text\">Skicka<\/span>\n\t\t\t\t\t\t\t\t\t\t\t\t\t<\/span>\n\t\t\t\t\t<\/button>\n\t\t\t\t<\/div>\n\t\t\t<\/div>\n\t\t<\/form>\n\t\t\t\t\t\t<\/div>\n\t\t\t\t<\/div>\n\t\t\t\t\t<\/div>\n\t\t\t\t<\/div>\n\t\t<div class=\"elementor-element elementor-element-7ec94a3b e-flex e-con-boxed e-con e-parent\" data-id=\"7ec94a3b\" data-element_type=\"container\" data-e-type=\"container\" data-settings=\"{&quot;background_background&quot;:&quot;classic&quot;}\">\n\t\t\t\t\t<div class=\"e-con-inner\">\n\t\t<div class=\"elementor-element elementor-element-641a820c e-con-full e-flex e-con e-child\" data-id=\"641a820c\" data-element_type=\"container\" data-e-type=\"container\" data-settings=\"{&quot;background_background&quot;:&quot;classic&quot;}\">\n\t\t\t\t<div class=\"elementor-element elementor-element-79be3ff1 elementor-widget elementor-widget-heading\" data-id=\"79be3ff1\" data-element_type=\"widget\" data-e-type=\"widget\" data-widget_type=\"heading.default\">\n\t\t\t\t\t<h2 class=\"elementor-heading-title elementor-size-default\">Laaja materiaalivalikoima\n\n\n<\/h2>\t\t\t\t<\/div>\n\t\t\t\t<div class=\"elementor-element elementor-element-d7b813d elementor-widget elementor-widget-text-editor\" data-id=\"d7b813d\" data-element_type=\"widget\" data-e-type=\"widget\" data-widget_type=\"text-editor.default\">\n\t\t\t\t\t\t\t\t\t<p><span data-contrast=\"auto\">Kock Verkstad suorittaa laserleikkausta mustaan ter\u00e4kseen jopa 20 mm paksuudella, ruostumattomaan ter\u00e4kseen jopa 12 mm ja alumiiniin jopa 10 mm. K\u00e4sittelemme levyj\u00e4, joiden koko on enint\u00e4\u00e4n 3000 x 1500 mm, mik\u00e4 mahdollistaa joustavuuden sek\u00e4 vakiotuotteisiin ett\u00e4 vaativampiin projekteihin. Tarvitsetpa sitten karkeita ter\u00e4skomponentteja tai ohutta, muotoon leikattua alumiinilevy\u00e4, meilt\u00e4 l\u00f6ytyy ratkaisu.<\/span><span data-ccp-props=\"{&quot;134233117&quot;:false,&quot;134233118&quot;:false,&quot;335559738&quot;:240,&quot;335559739&quot;:240}\">\u00a0<\/span><\/p>\t\t\t\t\t\t\t\t<\/div>\n\t\t\t\t<div class=\"elementor-element elementor-element-75d29012 elementor-align-left elementor-widget elementor-widget-button\" data-id=\"75d29012\" data-element_type=\"widget\" data-e-type=\"widget\" data-widget_type=\"button.default\">\n\t\t\t\t\t\t\t\t\t\t<a class=\"elementor-button elementor-button-link elementor-size-sm\" href=\"#form\">\n\t\t\t\t\t\t<span class=\"elementor-button-content-wrapper\">\n\t\t\t\t\t\t\t\t\t<span class=\"elementor-button-text\">Ota yhteytt\u00e4<\/span>\n\t\t\t\t\t<\/span>\n\t\t\t\t\t<\/a>\n\t\t\t\t\t\t\t\t<\/div>\n\t\t\t\t<\/div>\n\t\t<div class=\"elementor-element elementor-element-4e02e5c4 e-con-full e-flex e-con e-child\" data-id=\"4e02e5c4\" data-element_type=\"container\" data-e-type=\"container\" data-settings=\"{&quot;background_background&quot;:&quot;classic&quot;}\">\n\t\t\t\t<div class=\"elementor-element elementor-element-152f499a elementor-widget elementor-widget-image\" data-id=\"152f499a\" data-element_type=\"widget\" data-e-type=\"widget\" data-widget_type=\"image.default\">\n\t\t\t\t\t\t\t\t\t\t\t\t\t\t\t<img fetchpriority=\"high\" decoding=\"async\" width=\"1000\" height=\"667\" src=\"https:\/\/kockverkstad.fi\/wp-content\/uploads\/2026\/02\/kock-verkstad-laserskarning-2.jpeg\" class=\"attachment-full size-full wp-image-22\" alt=\"\" srcset=\"https:\/\/kockverkstad.fi\/wp-content\/uploads\/2026\/02\/kock-verkstad-laserskarning-2.jpeg 1000w, https:\/\/kockverkstad.fi\/wp-content\/uploads\/2026\/02\/kock-verkstad-laserskarning-2-300x200.jpeg 300w, https:\/\/kockverkstad.fi\/wp-content\/uploads\/2026\/02\/kock-verkstad-laserskarning-2-768x512.jpeg 768w, https:\/\/kockverkstad.fi\/wp-content\/uploads\/2026\/02\/kock-verkstad-laserskarning-2-600x400.jpeg 600w, https:\/\/kockverkstad.fi\/wp-content\/uploads\/2026\/02\/kock-verkstad-laserskarning-2-64x43.jpeg 64w\" sizes=\"(max-width: 1000px) 100vw, 1000px\" \/>\t\t\t\t\t\t\t\t\t\t\t\t\t\t\t<\/div>\n\t\t\t\t<\/div>\n\t\t\t\t\t<\/div>\n\t\t\t\t<\/div>\n\t\t<div class=\"elementor-element elementor-element-b787463 e-flex e-con-boxed e-con e-parent\" data-id=\"b787463\" data-element_type=\"container\" data-e-type=\"container\" data-settings=\"{&quot;background_background&quot;:&quot;classic&quot;}\">\n\t\t\t\t\t<div class=\"e-con-inner\">\n\t\t<div class=\"elementor-element elementor-element-8e0080b e-con-full e-flex e-con e-child\" data-id=\"8e0080b\" data-element_type=\"container\" data-e-type=\"container\" data-settings=\"{&quot;background_background&quot;:&quot;classic&quot;}\">\n\t\t\t\t<div class=\"elementor-element elementor-element-0b78345 elementor-widget elementor-widget-heading\" data-id=\"0b78345\" data-element_type=\"widget\" data-e-type=\"widget\" data-widget_type=\"heading.default\">\n\t\t\t\t\t<h2 class=\"elementor-heading-title elementor-size-default\">Turvallinen valinta Suomessa\n\n\n\n<\/h2>\t\t\t\t<\/div>\n\t\t\t\t<div class=\"elementor-element elementor-element-b12c846 elementor-widget elementor-widget-text-editor\" data-id=\"b12c846\" data-element_type=\"widget\" data-e-type=\"widget\" data-widget_type=\"text-editor.default\">\n\t\t\t\t\t\t\t\t\t<p>Paikallisena toimijana Pohjanmaalla Kock Verkstad on ilmiselv\u00e4 valinta niille, jotka tarvitsevat mietojen ter\u00e4sten, ruostumattoman ter\u00e4ksen tai alumiinin laserleikkausta. Perheyrityksemme perustuu pitk\u00e4aikaisiin suhteisiin, laatuun ja henkil\u00f6kohtaiseen sitoutumiseen jokaiseen projektiin.<\/p><p>Teemme tiivist\u00e4 yhteisty\u00f6t\u00e4 Pohjanmaan ja koko Suomen asiakkaiden kanssa useilla eri toimialoilla. Toimitamme kokonaisratkaisuja, joissa laserleikkaus yhdistet\u00e4\u00e4n taivutukseen, CNC-koneistukseen, hitsaukseen, puhallukseen, maalaukseen ja kokoonpanoon.<\/p><p>Tarvitsetko luotettavan kumppanin pehme\u00e4n ter\u00e4ksen, ruostumattoman ter\u00e4ksen tai alumiinin laserleikkaukseen? Ota yhteytt\u00e4 Kock Verkstadiin t\u00e4n\u00e4\u00e4n saadaksesi tarjouksen tai lis\u00e4tietoja \u2013 autamme sinua ideasta valmiisiin yksityiskohtiin.<\/p>\t\t\t\t\t\t\t\t<\/div>\n\t\t\t\t<div class=\"elementor-element elementor-element-a8fd17f elementor-align-left elementor-widget elementor-widget-button\" data-id=\"a8fd17f\" data-element_type=\"widget\" data-e-type=\"widget\" data-widget_type=\"button.default\">\n\t\t\t\t\t\t\t\t\t\t<a class=\"elementor-button elementor-button-link elementor-size-sm\" href=\"#form\">\n\t\t\t\t\t\t<span class=\"elementor-button-content-wrapper\">\n\t\t\t\t\t\t\t\t\t<span class=\"elementor-button-text\">Ota yhteytt\u00e4<\/span>\n\t\t\t\t\t<\/span>\n\t\t\t\t\t<\/a>\n\t\t\t\t\t\t\t\t<\/div>\n\t\t\t\t<\/div>\n\t\t<div class=\"elementor-element elementor-element-cabf99d e-con-full e-flex e-con e-child\" data-id=\"cabf99d\" data-element_type=\"container\" data-e-type=\"container\" data-settings=\"{&quot;background_background&quot;:&quot;classic&quot;}\">\n\t\t\t\t<div class=\"elementor-element elementor-element-24739ff elementor-widget elementor-widget-image\" data-id=\"24739ff\" data-element_type=\"widget\" data-e-type=\"widget\" data-widget_type=\"image.default\">\n\t\t\t\t\t\t\t\t\t\t\t\t\t\t\t<img decoding=\"async\" width=\"1000\" height=\"667\" src=\"https:\/\/kockverkstad.fi\/wp-content\/uploads\/2026\/02\/kock-verkstad-laserskarning-3.jpeg\" class=\"attachment-full size-full wp-image-21\" alt=\"\" srcset=\"https:\/\/kockverkstad.fi\/wp-content\/uploads\/2026\/02\/kock-verkstad-laserskarning-3.jpeg 1000w, https:\/\/kockverkstad.fi\/wp-content\/uploads\/2026\/02\/kock-verkstad-laserskarning-3-300x200.jpeg 300w, https:\/\/kockverkstad.fi\/wp-content\/uploads\/2026\/02\/kock-verkstad-laserskarning-3-768x512.jpeg 768w, https:\/\/kockverkstad.fi\/wp-content\/uploads\/2026\/02\/kock-verkstad-laserskarning-3-600x400.jpeg 600w, https:\/\/kockverkstad.fi\/wp-content\/uploads\/2026\/02\/kock-verkstad-laserskarning-3-64x43.jpeg 64w\" sizes=\"(max-width: 1000px) 100vw, 1000px\" \/>\t\t\t\t\t\t\t\t\t\t\t\t\t\t\t<\/div>\n\t\t\t\t<\/div>\n\t\t\t\t\t<\/div>\n\t\t\t\t<\/div>\n\t\t\t\t<\/div>\n\t\t","protected":false},"excerpt":{"rendered":"<p>Laserleikkaus tarkasti Edistyksellisell\u00e4 ja automatisoidulla konepuistolla tarjoamme metallilevyjen laserleikkausta useista eri materiaaleista \u2013 pehme\u00e4st\u00e4 ter\u00e4ksest\u00e4, ruostumattomasta ter\u00e4ksest\u00e4 ja alumiinista. Olemme [&hellip;]<\/p>\n","protected":false},"author":1,"featured_media":0,"parent":0,"menu_order":0,"comment_status":"closed","ping_status":"closed","template":"","meta":{"site-sidebar-layout":"no-sidebar","site-content-layout":"","ast-site-content-layout":"full-width-container","site-content-style":"default","site-sidebar-style":"default","ast-global-header-display":"","ast-banner-title-visibility":"","ast-main-header-display":"","ast-hfb-above-header-display":"","ast-hfb-below-header-display":"","ast-hfb-mobile-header-display":"","site-post-title":"disabled","ast-breadcrumbs-content":"","ast-featured-img":"disabled","footer-sml-layout":"","ast-disable-related-posts":"","theme-transparent-header-meta":"","adv-header-id-meta":"","stick-header-meta":"","header-above-stick-meta":"","header-main-stick-meta":"","header-below-stick-meta":"","astra-migrate-meta-layouts":"default","ast-page-background-enabled":"default","ast-page-background-meta":{"desktop":{"background-color":"var(--ast-global-color-5)","background-image":"","background-repeat":"repeat","background-position":"center center","background-size":"auto","background-attachment":"scroll","background-type":"","background-media":"","overlay-type":"","overlay-color":"","overlay-opacity":"","overlay-gradient":""},"tablet":{"background-color":"","background-image":"","background-repeat":"repeat","background-position":"center center","background-size":"auto","background-attachment":"scroll","background-type":"","background-media":"","overlay-type":"","overlay-color":"","overlay-opacity":"","overlay-gradient":""},"mobile":{"background-color":"","background-image":"","background-repeat":"repeat","background-position":"center center","background-size":"auto","background-attachment":"scroll","background-type":"","background-media":"","overlay-type":"","overlay-color":"","overlay-opacity":"","overlay-gradient":""}},"ast-content-background-meta":{"desktop":{"background-color":"var(--ast-global-color-4)","background-image":"","background-repeat":"repeat","background-position":"center center","background-size":"auto","background-attachment":"scroll","background-type":"","background-media":"","overlay-type":"","overlay-color":"","overlay-opacity":"","overlay-gradient":""},"tablet":{"background-color":"var(--ast-global-color-4)","background-image":"","background-repeat":"repeat","background-position":"center center","background-size":"auto","background-attachment":"scroll","background-type":"","background-media":"","overlay-type":"","overlay-color":"","overlay-opacity":"","overlay-gradient":""},"mobile":{"background-color":"var(--ast-global-color-4)","background-image":"","background-repeat":"repeat","background-position":"center center","background-size":"auto","background-attachment":"scroll","background-type":"","background-media":"","overlay-type":"","overlay-color":"","overlay-opacity":"","overlay-gradient":""}},"footnotes":""},"class_list":["post-58","page","type-page","status-publish","hentry"],"_links":{"self":[{"href":"https:\/\/kockverkstad.fi\/sv\/wp-json\/wp\/v2\/pages\/58","targetHints":{"allow":["GET"]}}],"collection":[{"href":"https:\/\/kockverkstad.fi\/sv\/wp-json\/wp\/v2\/pages"}],"about":[{"href":"https:\/\/kockverkstad.fi\/sv\/wp-json\/wp\/v2\/types\/page"}],"author":[{"embeddable":true,"href":"https:\/\/kockverkstad.fi\/sv\/wp-json\/wp\/v2\/users\/1"}],"replies":[{"embeddable":true,"href":"https:\/\/kockverkstad.fi\/sv\/wp-json\/wp\/v2\/comments?post=58"}],"version-history":[{"count":35,"href":"https:\/\/kockverkstad.fi\/sv\/wp-json\/wp\/v2\/pages\/58\/revisions"}],"predecessor-version":[{"id":1665,"href":"https:\/\/kockverkstad.fi\/sv\/wp-json\/wp\/v2\/pages\/58\/revisions\/1665"}],"wp:attachment":[{"href":"https:\/\/kockverkstad.fi\/sv\/wp-json\/wp\/v2\/media?parent=58"}],"curies":[{"name":"wp","href":"https:\/\/api.w.org\/{rel}","templated":true}]}}