{"id":52,"date":"2026-02-16T08:09:00","date_gmt":"2026-02-16T08:09:00","guid":{"rendered":"https:\/\/kockverkstad.fi\/?page_id=52"},"modified":"2026-03-26T10:18:31","modified_gmt":"2026-03-26T10:18:31","slug":"koti","status":"publish","type":"page","link":"https:\/\/kockverkstad.fi\/sv\/","title":{"rendered":"Koti"},"content":{"rendered":"\t\t<div data-elementor-type=\"wp-page\" data-elementor-id=\"52\" class=\"elementor elementor-52\" data-elementor-post-type=\"page\">\n\t\t\t\t<div class=\"elementor-element elementor-element-9843b33 e-con-full e-flex e-con e-parent\" data-id=\"9843b33\" data-element_type=\"container\" data-e-type=\"container\" data-settings=\"{&quot;background_background&quot;:&quot;slideshow&quot;,&quot;background_slideshow_gallery&quot;:[{&quot;id&quot;:1189,&quot;url&quot;:&quot;https:\\\/\\\/kockverkstad.fi\\\/wp-content\\\/uploads\\\/2026\\\/02\\\/20200820_esk_0402-scaled.jpg&quot;},{&quot;id&quot;:1184,&quot;url&quot;:&quot;https:\\\/\\\/kockverkstad.fi\\\/wp-content\\\/uploads\\\/2026\\\/02\\\/20200820_esk_0304-scaled.jpg&quot;},{&quot;id&quot;:1183,&quot;url&quot;:&quot;https:\\\/\\\/kockverkstad.fi\\\/wp-content\\\/uploads\\\/2026\\\/02\\\/20200820_esk_0279-scaled.jpg&quot;},{&quot;id&quot;:1182,&quot;url&quot;:&quot;https:\\\/\\\/kockverkstad.fi\\\/wp-content\\\/uploads\\\/2026\\\/02\\\/20200820_esk_0231-scaled.jpg&quot;},{&quot;id&quot;:1181,&quot;url&quot;:&quot;https:\\\/\\\/kockverkstad.fi\\\/wp-content\\\/uploads\\\/2026\\\/02\\\/20200820_esk_0203-scaled.jpg&quot;},{&quot;id&quot;:1180,&quot;url&quot;:&quot;https:\\\/\\\/kockverkstad.fi\\\/wp-content\\\/uploads\\\/2026\\\/02\\\/20200820_esk_0139-scaled.jpg&quot;},{&quot;id&quot;:1179,&quot;url&quot;:&quot;https:\\\/\\\/kockverkstad.fi\\\/wp-content\\\/uploads\\\/2026\\\/02\\\/20200820_esk_0090-scaled.jpg&quot;},{&quot;id&quot;:1177,&quot;url&quot;:&quot;https:\\\/\\\/kockverkstad.fi\\\/wp-content\\\/uploads\\\/2026\\\/02\\\/20200820_esk_0038-scaled.jpg&quot;},{&quot;id&quot;:1170,&quot;url&quot;:&quot;https:\\\/\\\/kockverkstad.fi\\\/wp-content\\\/uploads\\\/2026\\\/02\\\/IMG_2312-scaled.jpg&quot;}],&quot;background_slideshow_ken_burns&quot;:&quot;yes&quot;,&quot;background_slideshow_loop&quot;:&quot;yes&quot;,&quot;background_slideshow_slide_duration&quot;:5000,&quot;background_slideshow_slide_transition&quot;:&quot;fade&quot;,&quot;background_slideshow_transition_duration&quot;:500,&quot;background_slideshow_ken_burns_zoom_direction&quot;:&quot;in&quot;}\">\n\t\t\t\t<div class=\"elementor-element elementor-element-0c42cc0 elementor-view-default elementor-widget elementor-widget-icon\" data-id=\"0c42cc0\" data-element_type=\"widget\" data-e-type=\"widget\" data-widget_type=\"icon.default\">\n\t\t\t\t\t\t\t<div class=\"elementor-icon-wrapper\">\n\t\t\t<div class=\"elementor-icon\">\n\t\t\t<svg aria-hidden=\"true\" class=\"e-font-icon-svg e-fas-quote-right\" viewBox=\"0 0 512 512\" xmlns=\"http:\/\/www.w3.org\/2000\/svg\"><path d=\"M464 32H336c-26.5 0-48 21.5-48 48v128c0 26.5 21.5 48 48 48h80v64c0 35.3-28.7 64-64 64h-8c-13.3 0-24 10.7-24 24v48c0 13.3 10.7 24 24 24h8c88.4 0 160-71.6 160-160V80c0-26.5-21.5-48-48-48zm-288 0H48C21.5 32 0 53.5 0 80v128c0 26.5 21.5 48 48 48h80v64c0 35.3-28.7 64-64 64h-8c-13.3 0-24 10.7-24 24v48c0 13.3 10.7 24 24 24h8c88.4 0 160-71.6 160-160V80c0-26.5-21.5-48-48-48z\"><\/path><\/svg>\t\t\t<\/div>\n\t\t<\/div>\n\t\t\t\t\t\t<\/div>\n\t\t\t\t<div class=\"elementor-element elementor-element-6f50afc elementor-widget elementor-widget-heading\" data-id=\"6f50afc\" data-element_type=\"widget\" data-e-type=\"widget\" data-widget_type=\"heading.default\">\n\t\t\t\t\t<h1 class=\"elementor-heading-title elementor-size-default\">Olemme monipuolinen alihankkija, joka toimittaa korkealaatuisia metallikomponentteja sek\u00e4 kokonaisvaltaisia valmistusratkaisuja.<\/h1>\t\t\t\t<\/div>\n\t\t\t\t<div class=\"elementor-element elementor-element-00f3276 elementor-widget elementor-widget-heading\" data-id=\"00f3276\" data-element_type=\"widget\" data-e-type=\"widget\" data-widget_type=\"heading.default\">\n\t\t\t\t\t<h2 class=\"elementor-heading-title elementor-size-default\">Felix, H\u00e5kan ja Emil Kock<\/h2>\t\t\t\t<\/div>\n\t\t\t\t<\/div>\n\t\t<div class=\"elementor-element elementor-element-3c34731 e-con-full e-flex e-con e-parent\" data-id=\"3c34731\" data-element_type=\"container\" data-e-type=\"container\">\n\t\t<div class=\"elementor-element elementor-element-ae79465 e-con-full e-flex e-con e-child\" data-id=\"ae79465\" data-element_type=\"container\" data-e-type=\"container\" data-settings=\"{&quot;background_background&quot;:&quot;classic&quot;}\">\n\t\t\t\t<div class=\"elementor-element elementor-element-72d4c3f elementor-widget elementor-widget-heading\" data-id=\"72d4c3f\" data-element_type=\"widget\" data-e-type=\"widget\" data-widget_type=\"heading.default\">\n\t\t\t\t\t<h2 class=\"elementor-heading-title elementor-size-default\">Kock Verkstad\n<\/h2>\t\t\t\t<\/div>\n\t\t\t\t<div class=\"elementor-element elementor-element-297c0f2 elementor-widget elementor-widget-text-editor\" data-id=\"297c0f2\" data-element_type=\"widget\" data-e-type=\"widget\" data-widget_type=\"text-editor.default\">\n\t\t\t\t\t\t\t\t\t<div class=\"wpb_column vc_column_container vc_col-sm-6\"><div class=\"vc_column-inner\"><div class=\"wpb_wrapper\"><div class=\"wpb_content_element wm-heading -hAlignCenter\"><div class=\"wm-heading__inner\"><p>Olemme kasvava ja joustava yritys poikkeuksellisella toimitusvarmuudella. T\u00e4m\u00e4 on sen ansiota, ett\u00e4 meill\u00e4 on sek\u00e4 ty\u00f6kalut, osaaminen ja tarmoa, mik\u00e4 antaa nopeat ja laadukkaat tulokset.<\/p><\/div><\/div><\/div><\/div><\/div>\t\t\t\t\t\t\t\t<\/div>\n\t\t\t\t<div class=\"elementor-element elementor-element-29930d8 elementor-widget elementor-widget-button\" data-id=\"29930d8\" data-element_type=\"widget\" data-e-type=\"widget\" data-widget_type=\"button.default\">\n\t\t\t\t\t\t\t\t\t\t<a class=\"elementor-button elementor-button-link elementor-size-sm\" href=\"https:\/\/kockverkstad.fi\/meista\/\">\n\t\t\t\t\t\t<span class=\"elementor-button-content-wrapper\">\n\t\t\t\t\t\t\t\t\t<span class=\"elementor-button-text\">Lue lis\u00e4\u00e4 meist\u00e4<\/span>\n\t\t\t\t\t<\/span>\n\t\t\t\t\t<\/a>\n\t\t\t\t\t\t\t\t<\/div>\n\t\t\t\t<\/div>\n\t\t<div class=\"elementor-element elementor-element-201f712 e-con-full e-flex e-con e-child\" data-id=\"201f712\" data-element_type=\"container\" data-e-type=\"container\" data-settings=\"{&quot;background_background&quot;:&quot;classic&quot;}\">\n\t\t\t\t<div class=\"elementor-element elementor-element-f1710df elementor-widget elementor-widget-image\" data-id=\"f1710df\" data-element_type=\"widget\" data-e-type=\"widget\" data-widget_type=\"image.default\">\n\t\t\t\t\t\t\t\t\t\t\t\t\t\t\t<img fetchpriority=\"high\" decoding=\"async\" width=\"1024\" height=\"683\" src=\"https:\/\/kockverkstad.fi\/wp-content\/uploads\/2026\/02\/Kockverkstad2026-web-109-1024x683.jpg\" class=\"attachment-large size-large wp-image-1335\" alt=\"\" srcset=\"https:\/\/kockverkstad.fi\/wp-content\/uploads\/2026\/02\/Kockverkstad2026-web-109-1024x683.jpg 1024w, https:\/\/kockverkstad.fi\/wp-content\/uploads\/2026\/02\/Kockverkstad2026-web-109-300x200.jpg 300w, https:\/\/kockverkstad.fi\/wp-content\/uploads\/2026\/02\/Kockverkstad2026-web-109-768x512.jpg 768w, https:\/\/kockverkstad.fi\/wp-content\/uploads\/2026\/02\/Kockverkstad2026-web-109-18x12.jpg 18w, https:\/\/kockverkstad.fi\/wp-content\/uploads\/2026\/02\/Kockverkstad2026-web-109.jpg 1500w\" sizes=\"(max-width: 1024px) 100vw, 1024px\" \/>\t\t\t\t\t\t\t\t\t\t\t\t\t\t\t<\/div>\n\t\t\t\t<\/div>\n\t\t\t\t<\/div>\n\t\t<div class=\"elementor-element elementor-element-b232a5b e-con-full e-flex e-con e-parent\" data-id=\"b232a5b\" data-element_type=\"container\" data-e-type=\"container\">\n\t\t<div class=\"elementor-element elementor-element-0299c36 e-con-full e-flex e-con e-child\" data-id=\"0299c36\" data-element_type=\"container\" data-e-type=\"container\" data-settings=\"{&quot;background_background&quot;:&quot;classic&quot;}\">\n\t\t\t\t<div class=\"elementor-element elementor-element-2a790a1 elementor-widget elementor-widget-heading\" data-id=\"2a790a1\" data-element_type=\"widget\" data-e-type=\"widget\" data-widget_type=\"heading.default\">\n\t\t\t\t\t<h2 class=\"elementor-heading-title elementor-size-default\">konepajateollinen valmistus<\/h2>\t\t\t\t<\/div>\n\t\t\t\t<div class=\"elementor-element elementor-element-5dac594 elementor-widget elementor-widget-text-editor\" data-id=\"5dac594\" data-element_type=\"widget\" data-e-type=\"widget\" data-widget_type=\"text-editor.default\">\n\t\t\t\t\t\t\t\t\t<div class=\"wpb_column vc_column_container vc_col-sm-6\"><div class=\"vc_column-inner\"><div class=\"wpb_wrapper\"><div class=\"wpb_content_element wm-heading -hAlignLeft\"><div class=\"wm-heading__inner\"><p>Autamme sinua, haetpa kokonaisratkaisuja tai yksitt\u00e4isi\u00e4 palveluita. Meill\u00e4 on kaikki tarvittava ty\u00f6kalumekaaniseen valmistukseen saman katon alla, ja palvelemme sinua sijainnistasi riippumatta.<\/p><\/div><\/div><\/div><\/div><\/div>\t\t\t\t\t\t\t\t<\/div>\n\t\t\t\t<div class=\"elementor-element elementor-element-dee4349 elementor-widget elementor-widget-button\" data-id=\"dee4349\" data-element_type=\"widget\" data-e-type=\"widget\" data-widget_type=\"button.default\">\n\t\t\t\t\t\t\t\t\t\t<a class=\"elementor-button elementor-button-link elementor-size-sm\" href=\"https:\/\/kockverkstad.fi\/palvelut\/\">\n\t\t\t\t\t\t<span class=\"elementor-button-content-wrapper\">\n\t\t\t\t\t\t\t\t\t<span class=\"elementor-button-text\">Palvelumme<\/span>\n\t\t\t\t\t<\/span>\n\t\t\t\t\t<\/a>\n\t\t\t\t\t\t\t\t<\/div>\n\t\t\t\t<\/div>\n\t\t<div class=\"elementor-element elementor-element-c721fc0 e-con-full e-flex e-con e-child\" data-id=\"c721fc0\" data-element_type=\"container\" data-e-type=\"container\" data-settings=\"{&quot;background_background&quot;:&quot;classic&quot;}\">\n\t\t\t\t<div class=\"elementor-element elementor-element-d7652ce elementor-widget elementor-widget-image\" data-id=\"d7652ce\" data-element_type=\"widget\" data-e-type=\"widget\" data-widget_type=\"image.default\">\n\t\t\t\t\t\t\t\t\t\t\t\t\t\t\t<img decoding=\"async\" width=\"1024\" height=\"683\" src=\"https:\/\/kockverkstad.fi\/wp-content\/uploads\/2026\/02\/Kockverkstad2026-web-128-1024x683.jpg\" class=\"attachment-large size-large wp-image-1354\" alt=\"\" srcset=\"https:\/\/kockverkstad.fi\/wp-content\/uploads\/2026\/02\/Kockverkstad2026-web-128-1024x683.jpg 1024w, https:\/\/kockverkstad.fi\/wp-content\/uploads\/2026\/02\/Kockverkstad2026-web-128-300x200.jpg 300w, https:\/\/kockverkstad.fi\/wp-content\/uploads\/2026\/02\/Kockverkstad2026-web-128-768x512.jpg 768w, https:\/\/kockverkstad.fi\/wp-content\/uploads\/2026\/02\/Kockverkstad2026-web-128-18x12.jpg 18w, https:\/\/kockverkstad.fi\/wp-content\/uploads\/2026\/02\/Kockverkstad2026-web-128.jpg 1500w\" sizes=\"(max-width: 1024px) 100vw, 1024px\" \/>\t\t\t\t\t\t\t\t\t\t\t\t\t\t\t<\/div>\n\t\t\t\t<\/div>\n\t\t\t\t<\/div>\n\t\t<div class=\"elementor-element elementor-element-7985e2f e-con-full e-flex e-con e-parent\" data-id=\"7985e2f\" data-element_type=\"container\" data-e-type=\"container\">\n\t\t\t\t<div class=\"elementor-element elementor-element-9deb53c elementor-widget elementor-widget-heading\" data-id=\"9deb53c\" data-element_type=\"widget\" data-e-type=\"widget\" data-widget_type=\"heading.default\">\n\t\t\t\t\t<h2 class=\"elementor-heading-title elementor-size-default\">Ajankohtaista<\/h2>\t\t\t\t<\/div>\n\t\t\t\t<div class=\"elementor-element elementor-element-d276bb1 elementor-widget-divider--view-line elementor-widget elementor-widget-divider\" data-id=\"d276bb1\" data-element_type=\"widget\" data-e-type=\"widget\" data-widget_type=\"divider.default\">\n\t\t\t\t\t\t\t<div class=\"elementor-divider\">\n\t\t\t<span class=\"elementor-divider-separator\">\n\t\t\t\t\t\t<\/span>\n\t\t<\/div>\n\t\t\t\t\t\t<\/div>\n\t\t\t\t<div class=\"elementor-element elementor-element-3acb04d elementor-grid-2 elementor-posts__hover-none elementor-grid-tablet-2 elementor-grid-mobile-1 elementor-posts--thumbnail-top elementor-widget elementor-widget-posts\" data-id=\"3acb04d\" data-element_type=\"widget\" data-e-type=\"widget\" data-settings=\"{&quot;cards_columns&quot;:&quot;2&quot;,&quot;cards_row_gap&quot;:{&quot;unit&quot;:&quot;px&quot;,&quot;size&quot;:10,&quot;sizes&quot;:[]},&quot;cards_columns_tablet&quot;:&quot;2&quot;,&quot;cards_columns_mobile&quot;:&quot;1&quot;,&quot;cards_row_gap_tablet&quot;:{&quot;unit&quot;:&quot;px&quot;,&quot;size&quot;:&quot;&quot;,&quot;sizes&quot;:[]},&quot;cards_row_gap_mobile&quot;:{&quot;unit&quot;:&quot;px&quot;,&quot;size&quot;:&quot;&quot;,&quot;sizes&quot;:[]}}\" data-widget_type=\"posts.cards\">\n\t\t\t\t<div class=\"elementor-widget-container\">\n\t\t\t\t\t\t\t<div class=\"elementor-posts-container elementor-posts elementor-posts--skin-cards elementor-grid\" role=\"list\">\n\t\t\t\t<article class=\"elementor-post elementor-grid-item post-1634 post type-post status-publish format-standard has-post-thumbnail hentry category-uncategorized\" role=\"listitem\">\n\t\t\t<div class=\"elementor-post__card\">\n\t\t\t\t<a class=\"elementor-post__thumbnail__link\" href=\"https:\/\/kockverkstad.fi\/sv\/konepustomme\/\" tabindex=\"-1\" ><div class=\"elementor-post__thumbnail\"><img decoding=\"async\" width=\"1280\" height=\"720\" src=\"https:\/\/kockverkstad.fi\/wp-content\/uploads\/2026\/02\/maxresdefault.jpeg\" class=\"attachment-full size-full wp-image-13\" alt=\"\" srcset=\"https:\/\/kockverkstad.fi\/wp-content\/uploads\/2026\/02\/maxresdefault.jpeg 1280w, https:\/\/kockverkstad.fi\/wp-content\/uploads\/2026\/02\/maxresdefault-300x169.jpeg 300w, https:\/\/kockverkstad.fi\/wp-content\/uploads\/2026\/02\/maxresdefault-1024x576.jpeg 1024w, https:\/\/kockverkstad.fi\/wp-content\/uploads\/2026\/02\/maxresdefault-768x432.jpeg 768w, https:\/\/kockverkstad.fi\/wp-content\/uploads\/2026\/02\/maxresdefault-600x338.jpeg 600w, https:\/\/kockverkstad.fi\/wp-content\/uploads\/2026\/02\/maxresdefault-64x36.jpeg 64w\" sizes=\"(max-width: 1280px) 100vw, 1280px\" \/><\/div><\/a>\n\t\t\t\t<div class=\"elementor-post__text\">\n\t\t\t\t<h3 class=\"elementor-post__title\">\n\t\t\t<a href=\"https:\/\/kockverkstad.fi\/sv\/konepustomme\/\" >\n\t\t\t\tKonepustomme\t\t\t<\/a>\n\t\t<\/h3>\n\t\t\t\t<div class=\"elementor-post__excerpt\">\n\t\t\t<p>Tule Emilin ja Felixin mukaan Kock Verkstadiin Forsbyhyn, Peders\u00f6reen. P\u00e4\u00e4sette tutustumaan ty\u00f6pajaan ja n\u00e4kem\u00e4\u00e4n, mit\u00e4 monipuolisia palveluita Pohjanmaalla sijaitseva perheyritys voi tarjota metalliteollisuudelle. Tarvitsetko metallinty\u00f6st\u00f6n<\/p>\n\t\t<\/div>\n\t\t\t\t<\/div>\n\t\t\t\t\t<\/div>\n\t\t<\/article>\n\t\t\t\t<article class=\"elementor-post elementor-grid-item post-633 post type-post status-publish format-standard has-post-thumbnail hentry category-uncategorized\" role=\"listitem\">\n\t\t\t<div class=\"elementor-post__card\">\n\t\t\t\t<a class=\"elementor-post__thumbnail__link\" href=\"https:\/\/kockverkstad.fi\/sv\/vi-rekryterar\/\" tabindex=\"-1\" ><div class=\"elementor-post__thumbnail\"><img loading=\"lazy\" decoding=\"async\" width=\"1500\" height=\"1000\" src=\"https:\/\/kockverkstad.fi\/wp-content\/uploads\/2026\/02\/Kockverkstad2026-web-40.jpg\" class=\"attachment-full size-full wp-image-1266\" alt=\"\" srcset=\"https:\/\/kockverkstad.fi\/wp-content\/uploads\/2026\/02\/Kockverkstad2026-web-40.jpg 1500w, https:\/\/kockverkstad.fi\/wp-content\/uploads\/2026\/02\/Kockverkstad2026-web-40-300x200.jpg 300w, https:\/\/kockverkstad.fi\/wp-content\/uploads\/2026\/02\/Kockverkstad2026-web-40-1024x683.jpg 1024w, https:\/\/kockverkstad.fi\/wp-content\/uploads\/2026\/02\/Kockverkstad2026-web-40-768x512.jpg 768w, https:\/\/kockverkstad.fi\/wp-content\/uploads\/2026\/02\/Kockverkstad2026-web-40-18x12.jpg 18w\" sizes=\"(max-width: 1500px) 100vw, 1500px\" \/><\/div><\/a>\n\t\t\t\t<div class=\"elementor-post__text\">\n\t\t\t\t<h3 class=\"elementor-post__title\">\n\t\t\t<a href=\"https:\/\/kockverkstad.fi\/sv\/vi-rekryterar\/\" >\n\t\t\t\tRekrytoimme!\t\t\t<\/a>\n\t\t<\/h3>\n\t\t\t\t<div class=\"elementor-post__excerpt\">\n\t\t\t<p>Nyt sinulla on mahdollisuus tulla osaksi tiimi\u00e4mme \u2013 palkkaamme nimitt\u00e4in CNC-jyrsint\u00e4operaattorin! Jos olet huolellinen, yritteli\u00e4s ja ty\u00f6skentelet mielell\u00e4si Forsbyss\u00e4 ruotsinkielisess\u00e4 ymp\u00e4rist\u00f6ss\u00e4, etsimme sinua! Odotamme, ett\u00e4<\/p>\n\t\t<\/div>\n\t\t\t\t<\/div>\n\t\t\t\t\t<\/div>\n\t\t<\/article>\n\t\t\t\t<article class=\"elementor-post elementor-grid-item post-1 post type-post status-publish format-standard has-post-thumbnail hentry category-uncategorized\" role=\"listitem\">\n\t\t\t<div class=\"elementor-post__card\">\n\t\t\t\t<a class=\"elementor-post__thumbnail__link\" href=\"https:\/\/kockverkstad.fi\/sv\/hello-world\/\" tabindex=\"-1\" ><div class=\"elementor-post__thumbnail\"><img loading=\"lazy\" decoding=\"async\" width=\"1000\" height=\"667\" src=\"https:\/\/kockverkstad.fi\/wp-content\/uploads\/2026\/02\/kock-verkstad-laserskarning.jpeg\" class=\"attachment-full size-full wp-image-20\" alt=\"\" srcset=\"https:\/\/kockverkstad.fi\/wp-content\/uploads\/2026\/02\/kock-verkstad-laserskarning.jpeg 1000w, https:\/\/kockverkstad.fi\/wp-content\/uploads\/2026\/02\/kock-verkstad-laserskarning-300x200.jpeg 300w, https:\/\/kockverkstad.fi\/wp-content\/uploads\/2026\/02\/kock-verkstad-laserskarning-768x512.jpeg 768w, https:\/\/kockverkstad.fi\/wp-content\/uploads\/2026\/02\/kock-verkstad-laserskarning-600x400.jpeg 600w, https:\/\/kockverkstad.fi\/wp-content\/uploads\/2026\/02\/kock-verkstad-laserskarning-64x43.jpeg 64w\" sizes=\"(max-width: 1000px) 100vw, 1000px\" \/><\/div><\/a>\n\t\t\t\t<div class=\"elementor-post__text\">\n\t\t\t\t<h3 class=\"elementor-post__title\">\n\t\t\t<a href=\"https:\/\/kockverkstad.fi\/sv\/hello-world\/\" >\n\t\t\t\tUusi investointi!\t\t\t<\/a>\n\t\t<\/h3>\n\t\t\t\t<div class=\"elementor-post__excerpt\">\n\t\t\t<p>Laserleikkaus yksinkertaistaa ty\u00f6nkulkua ja tarjoaa monia mahdollisuuksia. Kock Verkstad tunnetaan monipuolisesta osaamisestaan ja laajasta konekannastaan. Nyt yritys on investoinut ja laajentanut konekantaansa entisest\u00e4\u00e4n. Kock Verkstad<\/p>\n\t\t<\/div>\n\t\t\t\t<\/div>\n\t\t\t\t\t<\/div>\n\t\t<\/article>\n\t\t\t\t<\/div>\n\t\t\n\t\t\t\t\t\t<\/div>\n\t\t\t\t<\/div>\n\t\t\t\t<\/div>\n\t\t\t\t<\/div>\n\t\t","protected":false},"excerpt":{"rendered":"<p>Olemme monipuolinen alihankkija, joka toimittaa korkealaatuisia metallikomponentteja sek\u00e4 kokonaisvaltaisia valmistusratkaisuja. Felix, H\u00e5kan ja Emil Kock Kock Verkstad Olemme kasvava ja [&hellip;]<\/p>\n","protected":false},"author":1,"featured_media":0,"parent":0,"menu_order":0,"comment_status":"closed","ping_status":"closed","template":"","meta":{"site-sidebar-layout":"no-sidebar","site-content-layout":"","ast-site-content-layout":"full-width-container","site-content-style":"default","site-sidebar-style":"default","ast-global-header-display":"","ast-banner-title-visibility":"","ast-main-header-display":"","ast-hfb-above-header-display":"","ast-hfb-below-header-display":"","ast-hfb-mobile-header-display":"","site-post-title":"disabled","ast-breadcrumbs-content":"","ast-featured-img":"disabled","footer-sml-layout":"","ast-disable-related-posts":"","theme-transparent-header-meta":"","adv-header-id-meta":"","stick-header-meta":"","header-above-stick-meta":"","header-main-stick-meta":"","header-below-stick-meta":"","astra-migrate-meta-layouts":"default","ast-page-background-enabled":"default","ast-page-background-meta":{"desktop":{"background-color":"var(--ast-global-color-5)","background-image":"","background-repeat":"repeat","background-position":"center center","background-size":"auto","background-attachment":"scroll","background-type":"","background-media":"","overlay-type":"","overlay-color":"","overlay-opacity":"","overlay-gradient":""},"tablet":{"background-color":"","background-image":"","background-repeat":"repeat","background-position":"center center","background-size":"auto","background-attachment":"scroll","background-type":"","background-media":"","overlay-type":"","overlay-color":"","overlay-opacity":"","overlay-gradient":""},"mobile":{"background-color":"","background-image":"","background-repeat":"repeat","background-position":"center center","background-size":"auto","background-attachment":"scroll","background-type":"","background-media":"","overlay-type":"","overlay-color":"","overlay-opacity":"","overlay-gradient":""}},"ast-content-background-meta":{"desktop":{"background-color":"var(--ast-global-color-4)","background-image":"","background-repeat":"repeat","background-position":"center center","background-size":"auto","background-attachment":"scroll","background-type":"","background-media":"","overlay-type":"","overlay-color":"","overlay-opacity":"","overlay-gradient":""},"tablet":{"background-color":"var(--ast-global-color-4)","background-image":"","background-repeat":"repeat","background-position":"center center","background-size":"auto","background-attachment":"scroll","background-type":"","background-media":"","overlay-type":"","overlay-color":"","overlay-opacity":"","overlay-gradient":""},"mobile":{"background-color":"var(--ast-global-color-4)","background-image":"","background-repeat":"repeat","background-position":"center center","background-size":"auto","background-attachment":"scroll","background-type":"","background-media":"","overlay-type":"","overlay-color":"","overlay-opacity":"","overlay-gradient":""}},"footnotes":""},"class_list":["post-52","page","type-page","status-publish","hentry"],"_links":{"self":[{"href":"https:\/\/kockverkstad.fi\/sv\/wp-json\/wp\/v2\/pages\/52","targetHints":{"allow":["GET"]}}],"collection":[{"href":"https:\/\/kockverkstad.fi\/sv\/wp-json\/wp\/v2\/pages"}],"about":[{"href":"https:\/\/kockverkstad.fi\/sv\/wp-json\/wp\/v2\/types\/page"}],"author":[{"embeddable":true,"href":"https:\/\/kockverkstad.fi\/sv\/wp-json\/wp\/v2\/users\/1"}],"replies":[{"embeddable":true,"href":"https:\/\/kockverkstad.fi\/sv\/wp-json\/wp\/v2\/comments?post=52"}],"version-history":[{"count":281,"href":"https:\/\/kockverkstad.fi\/sv\/wp-json\/wp\/v2\/pages\/52\/revisions"}],"predecessor-version":[{"id":1558,"href":"https:\/\/kockverkstad.fi\/sv\/wp-json\/wp\/v2\/pages\/52\/revisions\/1558"}],"wp:attachment":[{"href":"https:\/\/kockverkstad.fi\/sv\/wp-json\/wp\/v2\/media?parent=52"}],"curies":[{"name":"wp","href":"https:\/\/api.w.org\/{rel}","templated":true}]}}